{"id":1258,"date":"2014-06-18T12:34:46","date_gmt":"2014-06-18T10:34:46","guid":{"rendered":"http:\/\/www.messdiener-stevede-goxel.de\/wordpress\/?page_id=1258"},"modified":"2014-06-29T18:45:44","modified_gmt":"2014-06-29T16:45:44","slug":"mainzelmaennchenaktion","status":"publish","type":"page","link":"http:\/\/www.messdiener-stevede-goxel.de\/wordpress\/archiv\/2013-2\/mainzelmaennchenaktion\/","title":{"rendered":"Mainzelm\u00e4nnchen"},"content":{"rendered":"<h5>Wir arbeiten f\u00fcr euch!<\/h5>\n<p>Die Mainzelm\u00e4nnchenaktion findet einmal im Jahr statt, um Spenden f\u00fcr das Ferienlager und die anderen Aktivit\u00e4ten der Messdiener Stoxel zu sammeln.<\/p>\n<p>Die Leiterrunde bekommt ein paar Tage vorher verschiedenste Auftr\u00e4ge von Leuten aus der ganzen Umgebung. Am Tag der Mainzelm\u00e4nnchenaktion teilen wir uns in Teams auf um die einzelnen Auftr\u00e4ge zu erledigen. Beim Auftraggeber erwarten uns dann die unterschiedlichsten Aufgaben: Fahrr\u00e4der und Autos putzen, Unkraut j\u00e4ten, 2000 Baum-Setzlinge einpflanzen, B\u00e4ume entwurzeln oder f\u00e4llen, Werkst\u00e4tten ausr\u00e4umen oder Gartenh\u00fctten abrei\u00dfen. Zusammen haben wir bisher jede Aufgabe l\u00f6sen k\u00f6nnen und freuen uns immer \u00fcber neue.<\/p>\n<p>Vielen Dank f\u00fcr jeden einzelnen dieser Auftr\u00e4ge und die Unterst\u00fctzung unserer Jugendarbeit!<\/p>\n<p><!-- index.php -->\n<div\n\tclass=\"ngg-galleryoverview ngg-ajax-pagination-none\"\n\tid=\"ngg-gallery-1259-1\">\n\n    \t\t<!-- Thumbnails -->\n\t\t\t\t<div id=\"ngg-image-0\" class=\"ngg-gallery-thumbnail-box\" >\n\t\t\t\t        <div class=\"ngg-gallery-thumbnail\">\n            <a href=\"http:\/\/www.messdiener-stevede-goxel.de\/wordpress\/wp-content\/gallery\/mainzelmaennchenaktion\/DSC03235.jpg\"\n               title=\"\"\n               data-src=\"http:\/\/www.messdiener-stevede-goxel.de\/wordpress\/wp-content\/gallery\/mainzelmaennchenaktion\/DSC03235.jpg\"\n               data-thumbnail=\"http:\/\/www.messdiener-stevede-goxel.de\/wordpress\/wp-content\/gallery\/mainzelmaennchenaktion\/thumbs\/thumbs_DSC03235.jpg\"\n               data-image-id=\"484\"\n               data-title=\"DSC03235\"\n               data-description=\"\"\n               data-image-slug=\"dsc03235\"\n               class=\"ngg-fancybox\" rel=\"1259\">\n                <img\n                    title=\"DSC03235\"\n                    alt=\"DSC03235\"\n                    src=\"http:\/\/www.messdiener-stevede-goxel.de\/wordpress\/wp-content\/gallery\/mainzelmaennchenaktion\/cache\/DSC03235-nggid03484-ngg0dyn-235x235x100-00f0w010c011r110f110r010t010.jpg\"\n                    width=\"235\"\n                    height=\"235\"\n                    style=\"max-width:100%;\"\n                \/>\n            <\/a>\n        <\/div>\n\t\t\t\t\t\t\t<\/div> \n\t\t\t\n                            \n\t\t\t\t<div id=\"ngg-image-1\" class=\"ngg-gallery-thumbnail-box\" >\n\t\t\t\t        <div class=\"ngg-gallery-thumbnail\">\n            <a href=\"http:\/\/www.messdiener-stevede-goxel.de\/wordpress\/wp-content\/gallery\/mainzelmaennchenaktion\/DSC03244.jpg\"\n               title=\"\"\n               data-src=\"http:\/\/www.messdiener-stevede-goxel.de\/wordpress\/wp-content\/gallery\/mainzelmaennchenaktion\/DSC03244.jpg\"\n               data-thumbnail=\"http:\/\/www.messdiener-stevede-goxel.de\/wordpress\/wp-content\/gallery\/mainzelmaennchenaktion\/thumbs\/thumbs_DSC03244.jpg\"\n               data-image-id=\"485\"\n               data-title=\"DSC03244\"\n               data-description=\"\"\n               data-image-slug=\"dsc03244\"\n               class=\"ngg-fancybox\" rel=\"1259\">\n                <img\n                    title=\"DSC03244\"\n                    alt=\"DSC03244\"\n                    src=\"http:\/\/www.messdiener-stevede-goxel.de\/wordpress\/wp-content\/gallery\/mainzelmaennchenaktion\/cache\/DSC03244-nggid03485-ngg0dyn-235x235x100-00f0w010c011r110f110r010t010.jpg\"\n                    width=\"235\"\n                    height=\"235\"\n                    style=\"max-width:100%;\"\n                \/>\n            <\/a>\n        <\/div>\n\t\t\t\t\t\t\t<\/div> \n\t\t\t\n                            \n\t\t\t\t<div id=\"ngg-image-2\" class=\"ngg-gallery-thumbnail-box\" >\n\t\t\t\t        <div class=\"ngg-gallery-thumbnail\">\n            <a href=\"http:\/\/www.messdiener-stevede-goxel.de\/wordpress\/wp-content\/gallery\/mainzelmaennchenaktion\/DSC03253.1.jpg\"\n               title=\"\"\n               data-src=\"http:\/\/www.messdiener-stevede-goxel.de\/wordpress\/wp-content\/gallery\/mainzelmaennchenaktion\/DSC03253.1.jpg\"\n               data-thumbnail=\"http:\/\/www.messdiener-stevede-goxel.de\/wordpress\/wp-content\/gallery\/mainzelmaennchenaktion\/thumbs\/thumbs_DSC03253.1.jpg\"\n               data-image-id=\"486\"\n               data-title=\"DSC03253.1\"\n               data-description=\"\"\n               data-image-slug=\"dsc03253-1\"\n               class=\"ngg-fancybox\" rel=\"1259\">\n                <img\n                    title=\"DSC03253.1\"\n                    alt=\"DSC03253.1\"\n                    src=\"http:\/\/www.messdiener-stevede-goxel.de\/wordpress\/wp-content\/gallery\/mainzelmaennchenaktion\/cache\/DSC03253.1-nggid03486-ngg0dyn-235x235x100-00f0w010c011r110f110r010t010.jpg\"\n                    width=\"235\"\n                    height=\"235\"\n                    style=\"max-width:100%;\"\n                \/>\n            <\/a>\n        <\/div>\n\t\t\t\t\t\t\t<\/div> \n\t\t\t\n                            \n\t\t\t\t<div id=\"ngg-image-3\" class=\"ngg-gallery-thumbnail-box\" >\n\t\t\t\t        <div class=\"ngg-gallery-thumbnail\">\n            <a href=\"http:\/\/www.messdiener-stevede-goxel.de\/wordpress\/wp-content\/gallery\/mainzelmaennchenaktion\/DSC03278.1.jpg\"\n               title=\"\"\n               data-src=\"http:\/\/www.messdiener-stevede-goxel.de\/wordpress\/wp-content\/gallery\/mainzelmaennchenaktion\/DSC03278.1.jpg\"\n               data-thumbnail=\"http:\/\/www.messdiener-stevede-goxel.de\/wordpress\/wp-content\/gallery\/mainzelmaennchenaktion\/thumbs\/thumbs_DSC03278.1.jpg\"\n               data-image-id=\"487\"\n               data-title=\"DSC03278.1\"\n               data-description=\"\"\n               data-image-slug=\"dsc03278-1\"\n               class=\"ngg-fancybox\" rel=\"1259\">\n                <img\n                    title=\"DSC03278.1\"\n                    alt=\"DSC03278.1\"\n                    src=\"http:\/\/www.messdiener-stevede-goxel.de\/wordpress\/wp-content\/gallery\/mainzelmaennchenaktion\/cache\/DSC03278.1-nggid03487-ngg0dyn-235x235x100-00f0w010c011r110f110r010t010.jpg\"\n                    width=\"235\"\n                    height=\"235\"\n                    style=\"max-width:100%;\"\n                \/>\n            <\/a>\n        <\/div>\n\t\t\t\t\t\t\t<\/div> \n\t\t\t\n                                    <br style=\"clear: both\" \/>\n                    \n\t\t\t\t<div id=\"ngg-image-4\" class=\"ngg-gallery-thumbnail-box\" >\n\t\t\t\t        <div class=\"ngg-gallery-thumbnail\">\n            <a href=\"http:\/\/www.messdiener-stevede-goxel.de\/wordpress\/wp-content\/gallery\/mainzelmaennchenaktion\/DSC03507.jpg\"\n               title=\"\"\n               data-src=\"http:\/\/www.messdiener-stevede-goxel.de\/wordpress\/wp-content\/gallery\/mainzelmaennchenaktion\/DSC03507.jpg\"\n               data-thumbnail=\"http:\/\/www.messdiener-stevede-goxel.de\/wordpress\/wp-content\/gallery\/mainzelmaennchenaktion\/thumbs\/thumbs_DSC03507.jpg\"\n               data-image-id=\"488\"\n               data-title=\"DSC03507\"\n               data-description=\"\"\n               data-image-slug=\"dsc03507\"\n               class=\"ngg-fancybox\" rel=\"1259\">\n                <img\n                    title=\"DSC03507\"\n                    alt=\"DSC03507\"\n                    src=\"http:\/\/www.messdiener-stevede-goxel.de\/wordpress\/wp-content\/gallery\/mainzelmaennchenaktion\/cache\/DSC03507-nggid03488-ngg0dyn-235x235x100-00f0w010c011r110f110r010t010.jpg\"\n                    width=\"235\"\n                    height=\"235\"\n                    style=\"max-width:100%;\"\n                \/>\n            <\/a>\n        <\/div>\n\t\t\t\t\t\t\t<\/div> \n\t\t\t\n                            \n\t\t\n\t\t<!-- Pagination -->\n\t<div class='ngg-clear'><\/div>\t<\/div>\n<\/p>\n","protected":false},"excerpt":{"rendered":"<p>Wir arbeiten f\u00fcr euch! Die Mainzelm\u00e4nnchenaktion findet einmal im Jahr statt, um Spenden f\u00fcr das Ferienlager und die anderen Aktivit\u00e4ten der Messdiener Stoxel zu sammeln. Die Leiterrunde bekommt ein paar Tage vorher verschiedenste Auftr\u00e4ge von Leuten aus der ganzen Umgebung. Am Tag der Mainzelm\u00e4nnchenaktion teilen wir uns in Teams auf um die einzelnen Auftr\u00e4ge zu [&hellip;]<\/p>\n","protected":false},"author":1,"featured_media":0,"parent":1225,"menu_order":0,"comment_status":"open","ping_status":"open","template":"","meta":{"ngg_post_thumbnail":0},"_links":{"self":[{"href":"http:\/\/www.messdiener-stevede-goxel.de\/wordpress\/wp-json\/wp\/v2\/pages\/1258"}],"collection":[{"href":"http:\/\/www.messdiener-stevede-goxel.de\/wordpress\/wp-json\/wp\/v2\/pages"}],"about":[{"href":"http:\/\/www.messdiener-stevede-goxel.de\/wordpress\/wp-json\/wp\/v2\/types\/page"}],"author":[{"embeddable":true,"href":"http:\/\/www.messdiener-stevede-goxel.de\/wordpress\/wp-json\/wp\/v2\/users\/1"}],"replies":[{"embeddable":true,"href":"http:\/\/www.messdiener-stevede-goxel.de\/wordpress\/wp-json\/wp\/v2\/comments?post=1258"}],"version-history":[{"count":4,"href":"http:\/\/www.messdiener-stevede-goxel.de\/wordpress\/wp-json\/wp\/v2\/pages\/1258\/revisions"}],"predecessor-version":[{"id":1569,"href":"http:\/\/www.messdiener-stevede-goxel.de\/wordpress\/wp-json\/wp\/v2\/pages\/1258\/revisions\/1569"}],"up":[{"embeddable":true,"href":"http:\/\/www.messdiener-stevede-goxel.de\/wordpress\/wp-json\/wp\/v2\/pages\/1225"}],"wp:attachment":[{"href":"http:\/\/www.messdiener-stevede-goxel.de\/wordpress\/wp-json\/wp\/v2\/media?parent=1258"}],"curies":[{"name":"wp","href":"https:\/\/api.w.org\/{rel}","templated":true}]}}