{"id":1261,"date":"2014-06-18T12:47:42","date_gmt":"2014-06-18T10:47:42","guid":{"rendered":"http:\/\/www.messdiener-stevede-goxel.de\/wordpress\/?page_id=1261"},"modified":"2014-06-29T18:48:53","modified_gmt":"2014-06-29T16:48:53","slug":"messdienerfussballturnier","status":"publish","type":"page","link":"http:\/\/www.messdiener-stevede-goxel.de\/wordpress\/archiv\/2013-2\/messdienerfussballturnier\/","title":{"rendered":"Messdienerfu\u00dfballturnier"},"content":{"rendered":"<p>Schon seit Jahrzehnten treffen sich die Gemeinden aus Coesfeld einmal im Jahr um gegeneinander und miteinander Fu\u00dfball zu spielen.<\/p>\n<p>In diesem Jahr waren wir Leiter der Anna-Katharina Gemeinde die Gastgeber in der Dreifach-Turnhalle des Coesfelder Schulzentrums. Der Tag war ein voller Erfolg. Es gab keine Verletzten und viele Pokale f\u00fcr unsere anna-Katharina Gemeinde. Sogar den gro\u00dfen Pokal f\u00fcr den Gesamtsieg haben wir nach Hause getragen. Bei DEN Teams ist das aber auch kein Wunder!<\/p>\n<p><!-- index.php -->\n<div\n\tclass=\"ngg-galleryoverview ngg-ajax-pagination-none\"\n\tid=\"ngg-gallery-1262-1\">\n\n    \t\t<!-- Thumbnails -->\n\t\t\t\t<div id=\"ngg-image-0\" class=\"ngg-gallery-thumbnail-box\" >\n\t\t\t\t        <div class=\"ngg-gallery-thumbnail\">\n            <a href=\"http:\/\/www.messdiener-stevede-goxel.de\/wordpress\/wp-content\/gallery\/messdienerfussballturnier\/DSC09501.jpg\"\n               title=\"\"\n               data-src=\"http:\/\/www.messdiener-stevede-goxel.de\/wordpress\/wp-content\/gallery\/messdienerfussballturnier\/DSC09501.jpg\"\n               data-thumbnail=\"http:\/\/www.messdiener-stevede-goxel.de\/wordpress\/wp-content\/gallery\/messdienerfussballturnier\/thumbs\/thumbs_DSC09501.jpg\"\n               data-image-id=\"497\"\n               data-title=\"DSC09501\"\n               data-description=\"\"\n               data-image-slug=\"dsc09501\"\n               class=\"ngg-fancybox\" rel=\"1262\">\n                <img\n                    title=\"DSC09501\"\n                    alt=\"DSC09501\"\n                    src=\"http:\/\/www.messdiener-stevede-goxel.de\/wordpress\/wp-content\/gallery\/messdienerfussballturnier\/cache\/DSC09501-nggid03497-ngg0dyn-235x235x100-00f0w010c011r110f110r010t010.jpg\"\n                    width=\"235\"\n                    height=\"235\"\n                    style=\"max-width:100%;\"\n                \/>\n            <\/a>\n        <\/div>\n\t\t\t\t\t\t\t<\/div> \n\t\t\t\n                            \n\t\t\t\t<div id=\"ngg-image-1\" class=\"ngg-gallery-thumbnail-box\" >\n\t\t\t\t        <div class=\"ngg-gallery-thumbnail\">\n            <a href=\"http:\/\/www.messdiener-stevede-goxel.de\/wordpress\/wp-content\/gallery\/messdienerfussballturnier\/DSC09505.jpg\"\n               title=\"\"\n               data-src=\"http:\/\/www.messdiener-stevede-goxel.de\/wordpress\/wp-content\/gallery\/messdienerfussballturnier\/DSC09505.jpg\"\n               data-thumbnail=\"http:\/\/www.messdiener-stevede-goxel.de\/wordpress\/wp-content\/gallery\/messdienerfussballturnier\/thumbs\/thumbs_DSC09505.jpg\"\n               data-image-id=\"498\"\n               data-title=\"DSC09505\"\n               data-description=\"\"\n               data-image-slug=\"dsc09505\"\n               class=\"ngg-fancybox\" rel=\"1262\">\n                <img\n                    title=\"DSC09505\"\n                    alt=\"DSC09505\"\n                    src=\"http:\/\/www.messdiener-stevede-goxel.de\/wordpress\/wp-content\/gallery\/messdienerfussballturnier\/cache\/DSC09505-nggid03498-ngg0dyn-235x235x100-00f0w010c011r110f110r010t010.jpg\"\n                    width=\"235\"\n                    height=\"235\"\n                    style=\"max-width:100%;\"\n                \/>\n            <\/a>\n        <\/div>\n\t\t\t\t\t\t\t<\/div> \n\t\t\t\n                            \n\t\t\t\t<div id=\"ngg-image-2\" class=\"ngg-gallery-thumbnail-box\" >\n\t\t\t\t        <div class=\"ngg-gallery-thumbnail\">\n            <a href=\"http:\/\/www.messdiener-stevede-goxel.de\/wordpress\/wp-content\/gallery\/messdienerfussballturnier\/DSC09513.jpg\"\n               title=\"\"\n               data-src=\"http:\/\/www.messdiener-stevede-goxel.de\/wordpress\/wp-content\/gallery\/messdienerfussballturnier\/DSC09513.jpg\"\n               data-thumbnail=\"http:\/\/www.messdiener-stevede-goxel.de\/wordpress\/wp-content\/gallery\/messdienerfussballturnier\/thumbs\/thumbs_DSC09513.jpg\"\n               data-image-id=\"489\"\n               data-title=\"DSC09513\"\n               data-description=\"\"\n               data-image-slug=\"dsc09513\"\n               class=\"ngg-fancybox\" rel=\"1262\">\n                <img\n                    title=\"DSC09513\"\n                    alt=\"DSC09513\"\n                    src=\"http:\/\/www.messdiener-stevede-goxel.de\/wordpress\/wp-content\/gallery\/messdienerfussballturnier\/cache\/DSC09513-nggid03489-ngg0dyn-235x235x100-00f0w010c011r110f110r010t010.jpg\"\n                    width=\"235\"\n                    height=\"235\"\n                    style=\"max-width:100%;\"\n                \/>\n            <\/a>\n        <\/div>\n\t\t\t\t\t\t\t<\/div> \n\t\t\t\n                            \n\t\t\t\t<div id=\"ngg-image-3\" class=\"ngg-gallery-thumbnail-box\" >\n\t\t\t\t        <div class=\"ngg-gallery-thumbnail\">\n            <a href=\"http:\/\/www.messdiener-stevede-goxel.de\/wordpress\/wp-content\/gallery\/messdienerfussballturnier\/DSC09524.jpg\"\n               title=\"\"\n               data-src=\"http:\/\/www.messdiener-stevede-goxel.de\/wordpress\/wp-content\/gallery\/messdienerfussballturnier\/DSC09524.jpg\"\n               data-thumbnail=\"http:\/\/www.messdiener-stevede-goxel.de\/wordpress\/wp-content\/gallery\/messdienerfussballturnier\/thumbs\/thumbs_DSC09524.jpg\"\n               data-image-id=\"490\"\n               data-title=\"DSC09524\"\n               data-description=\"\"\n               data-image-slug=\"dsc09524\"\n               class=\"ngg-fancybox\" rel=\"1262\">\n                <img\n                    title=\"DSC09524\"\n                    alt=\"DSC09524\"\n                    src=\"http:\/\/www.messdiener-stevede-goxel.de\/wordpress\/wp-content\/gallery\/messdienerfussballturnier\/cache\/DSC09524-nggid03490-ngg0dyn-235x235x100-00f0w010c011r110f110r010t010.jpg\"\n                    width=\"235\"\n                    height=\"235\"\n                    style=\"max-width:100%;\"\n                \/>\n            <\/a>\n        <\/div>\n\t\t\t\t\t\t\t<\/div> \n\t\t\t\n                                    <br style=\"clear: both\" \/>\n                    \n\t\t\t\t<div id=\"ngg-image-4\" class=\"ngg-gallery-thumbnail-box\" >\n\t\t\t\t        <div class=\"ngg-gallery-thumbnail\">\n            <a href=\"http:\/\/www.messdiener-stevede-goxel.de\/wordpress\/wp-content\/gallery\/messdienerfussballturnier\/DSC09528.jpg\"\n               title=\"\"\n               data-src=\"http:\/\/www.messdiener-stevede-goxel.de\/wordpress\/wp-content\/gallery\/messdienerfussballturnier\/DSC09528.jpg\"\n               data-thumbnail=\"http:\/\/www.messdiener-stevede-goxel.de\/wordpress\/wp-content\/gallery\/messdienerfussballturnier\/thumbs\/thumbs_DSC09528.jpg\"\n               data-image-id=\"491\"\n               data-title=\"DSC09528\"\n               data-description=\"\"\n               data-image-slug=\"dsc09528\"\n               class=\"ngg-fancybox\" rel=\"1262\">\n                <img\n                    title=\"DSC09528\"\n                    alt=\"DSC09528\"\n                    src=\"http:\/\/www.messdiener-stevede-goxel.de\/wordpress\/wp-content\/gallery\/messdienerfussballturnier\/cache\/DSC09528-nggid03491-ngg0dyn-235x235x100-00f0w010c011r110f110r010t010.jpg\"\n                    width=\"235\"\n                    height=\"235\"\n                    style=\"max-width:100%;\"\n                \/>\n            <\/a>\n        <\/div>\n\t\t\t\t\t\t\t<\/div> \n\t\t\t\n                            \n\t\t\t\t<div id=\"ngg-image-5\" class=\"ngg-gallery-thumbnail-box\" >\n\t\t\t\t        <div class=\"ngg-gallery-thumbnail\">\n            <a href=\"http:\/\/www.messdiener-stevede-goxel.de\/wordpress\/wp-content\/gallery\/messdienerfussballturnier\/DSC09562.jpg\"\n               title=\"\"\n               data-src=\"http:\/\/www.messdiener-stevede-goxel.de\/wordpress\/wp-content\/gallery\/messdienerfussballturnier\/DSC09562.jpg\"\n               data-thumbnail=\"http:\/\/www.messdiener-stevede-goxel.de\/wordpress\/wp-content\/gallery\/messdienerfussballturnier\/thumbs\/thumbs_DSC09562.jpg\"\n               data-image-id=\"492\"\n               data-title=\"DSC09562\"\n               data-description=\"\"\n               data-image-slug=\"dsc09562\"\n               class=\"ngg-fancybox\" rel=\"1262\">\n                <img\n                    title=\"DSC09562\"\n                    alt=\"DSC09562\"\n                    src=\"http:\/\/www.messdiener-stevede-goxel.de\/wordpress\/wp-content\/gallery\/messdienerfussballturnier\/cache\/DSC09562-nggid03492-ngg0dyn-235x235x100-00f0w010c011r110f110r010t010.jpg\"\n                    width=\"235\"\n                    height=\"235\"\n                    style=\"max-width:100%;\"\n                \/>\n            <\/a>\n        <\/div>\n\t\t\t\t\t\t\t<\/div> \n\t\t\t\n                            \n\t\t\t\t<div id=\"ngg-image-6\" class=\"ngg-gallery-thumbnail-box\" >\n\t\t\t\t        <div class=\"ngg-gallery-thumbnail\">\n            <a href=\"http:\/\/www.messdiener-stevede-goxel.de\/wordpress\/wp-content\/gallery\/messdienerfussballturnier\/DSC09577.jpg\"\n               title=\"\"\n               data-src=\"http:\/\/www.messdiener-stevede-goxel.de\/wordpress\/wp-content\/gallery\/messdienerfussballturnier\/DSC09577.jpg\"\n               data-thumbnail=\"http:\/\/www.messdiener-stevede-goxel.de\/wordpress\/wp-content\/gallery\/messdienerfussballturnier\/thumbs\/thumbs_DSC09577.jpg\"\n               data-image-id=\"493\"\n               data-title=\"DSC09577\"\n               data-description=\"\"\n               data-image-slug=\"dsc09577\"\n               class=\"ngg-fancybox\" rel=\"1262\">\n                <img\n                    title=\"DSC09577\"\n                    alt=\"DSC09577\"\n                    src=\"http:\/\/www.messdiener-stevede-goxel.de\/wordpress\/wp-content\/gallery\/messdienerfussballturnier\/cache\/DSC09577-nggid03493-ngg0dyn-235x235x100-00f0w010c011r110f110r010t010.jpg\"\n                    width=\"235\"\n                    height=\"235\"\n                    style=\"max-width:100%;\"\n                \/>\n            <\/a>\n        <\/div>\n\t\t\t\t\t\t\t<\/div> \n\t\t\t\n                            \n\t\t\t\t<div id=\"ngg-image-7\" class=\"ngg-gallery-thumbnail-box\" >\n\t\t\t\t        <div class=\"ngg-gallery-thumbnail\">\n            <a href=\"http:\/\/www.messdiener-stevede-goxel.de\/wordpress\/wp-content\/gallery\/messdienerfussballturnier\/DSC09583.jpg\"\n               title=\"\"\n               data-src=\"http:\/\/www.messdiener-stevede-goxel.de\/wordpress\/wp-content\/gallery\/messdienerfussballturnier\/DSC09583.jpg\"\n               data-thumbnail=\"http:\/\/www.messdiener-stevede-goxel.de\/wordpress\/wp-content\/gallery\/messdienerfussballturnier\/thumbs\/thumbs_DSC09583.jpg\"\n               data-image-id=\"494\"\n               data-title=\"DSC09583\"\n               data-description=\"\"\n               data-image-slug=\"dsc09583\"\n               class=\"ngg-fancybox\" rel=\"1262\">\n                <img\n                    title=\"DSC09583\"\n                    alt=\"DSC09583\"\n                    src=\"http:\/\/www.messdiener-stevede-goxel.de\/wordpress\/wp-content\/gallery\/messdienerfussballturnier\/cache\/DSC09583-nggid03494-ngg0dyn-235x235x100-00f0w010c011r110f110r010t010.jpg\"\n                    width=\"235\"\n                    height=\"235\"\n                    style=\"max-width:100%;\"\n                \/>\n            <\/a>\n        <\/div>\n\t\t\t\t\t\t\t<\/div> \n\t\t\t\n                                    <br style=\"clear: both\" \/>\n                    \n\t\t\t\t<div id=\"ngg-image-8\" class=\"ngg-gallery-thumbnail-box\" >\n\t\t\t\t        <div class=\"ngg-gallery-thumbnail\">\n            <a href=\"http:\/\/www.messdiener-stevede-goxel.de\/wordpress\/wp-content\/gallery\/messdienerfussballturnier\/DSC09604.jpg\"\n               title=\"\"\n               data-src=\"http:\/\/www.messdiener-stevede-goxel.de\/wordpress\/wp-content\/gallery\/messdienerfussballturnier\/DSC09604.jpg\"\n               data-thumbnail=\"http:\/\/www.messdiener-stevede-goxel.de\/wordpress\/wp-content\/gallery\/messdienerfussballturnier\/thumbs\/thumbs_DSC09604.jpg\"\n               data-image-id=\"495\"\n               data-title=\"DSC09604\"\n               data-description=\"\"\n               data-image-slug=\"dsc09604\"\n               class=\"ngg-fancybox\" rel=\"1262\">\n                <img\n                    title=\"DSC09604\"\n                    alt=\"DSC09604\"\n                    src=\"http:\/\/www.messdiener-stevede-goxel.de\/wordpress\/wp-content\/gallery\/messdienerfussballturnier\/cache\/DSC09604-nggid03495-ngg0dyn-235x235x100-00f0w010c011r110f110r010t010.jpg\"\n                    width=\"235\"\n                    height=\"235\"\n                    style=\"max-width:100%;\"\n                \/>\n            <\/a>\n        <\/div>\n\t\t\t\t\t\t\t<\/div> \n\t\t\t\n                            \n\t\t\t\t<div id=\"ngg-image-9\" class=\"ngg-gallery-thumbnail-box\" >\n\t\t\t\t        <div class=\"ngg-gallery-thumbnail\">\n            <a href=\"http:\/\/www.messdiener-stevede-goxel.de\/wordpress\/wp-content\/gallery\/messdienerfussballturnier\/DSC09627.jpg\"\n               title=\"\"\n               data-src=\"http:\/\/www.messdiener-stevede-goxel.de\/wordpress\/wp-content\/gallery\/messdienerfussballturnier\/DSC09627.jpg\"\n               data-thumbnail=\"http:\/\/www.messdiener-stevede-goxel.de\/wordpress\/wp-content\/gallery\/messdienerfussballturnier\/thumbs\/thumbs_DSC09627.jpg\"\n               data-image-id=\"496\"\n               data-title=\"DSC09627\"\n               data-description=\"\"\n               data-image-slug=\"dsc09627\"\n               class=\"ngg-fancybox\" rel=\"1262\">\n                <img\n                    title=\"DSC09627\"\n                    alt=\"DSC09627\"\n                    src=\"http:\/\/www.messdiener-stevede-goxel.de\/wordpress\/wp-content\/gallery\/messdienerfussballturnier\/cache\/DSC09627-nggid03496-ngg0dyn-235x235x100-00f0w010c011r110f110r010t010.jpg\"\n                    width=\"235\"\n                    height=\"235\"\n                    style=\"max-width:100%;\"\n                \/>\n            <\/a>\n        <\/div>\n\t\t\t\t\t\t\t<\/div> \n\t\t\t\n                            \n\t\t\n\t\t<!-- Pagination -->\n\t<div class='ngg-clear'><\/div>\t<\/div>\n<\/p>\n","protected":false},"excerpt":{"rendered":"<p>Schon seit Jahrzehnten treffen sich die Gemeinden aus Coesfeld einmal im Jahr um gegeneinander und miteinander Fu\u00dfball zu spielen. In diesem Jahr waren wir Leiter der Anna-Katharina Gemeinde die Gastgeber in der Dreifach-Turnhalle des Coesfelder Schulzentrums. Der Tag war ein voller Erfolg. Es gab keine Verletzten und viele Pokale f\u00fcr unsere anna-Katharina Gemeinde. Sogar den [&hellip;]<\/p>\n","protected":false},"author":1,"featured_media":0,"parent":1225,"menu_order":0,"comment_status":"open","ping_status":"open","template":"","meta":{"ngg_post_thumbnail":0},"_links":{"self":[{"href":"http:\/\/www.messdiener-stevede-goxel.de\/wordpress\/wp-json\/wp\/v2\/pages\/1261"}],"collection":[{"href":"http:\/\/www.messdiener-stevede-goxel.de\/wordpress\/wp-json\/wp\/v2\/pages"}],"about":[{"href":"http:\/\/www.messdiener-stevede-goxel.de\/wordpress\/wp-json\/wp\/v2\/types\/page"}],"author":[{"embeddable":true,"href":"http:\/\/www.messdiener-stevede-goxel.de\/wordpress\/wp-json\/wp\/v2\/users\/1"}],"replies":[{"embeddable":true,"href":"http:\/\/www.messdiener-stevede-goxel.de\/wordpress\/wp-json\/wp\/v2\/comments?post=1261"}],"version-history":[{"count":3,"href":"http:\/\/www.messdiener-stevede-goxel.de\/wordpress\/wp-json\/wp\/v2\/pages\/1261\/revisions"}],"predecessor-version":[{"id":1571,"href":"http:\/\/www.messdiener-stevede-goxel.de\/wordpress\/wp-json\/wp\/v2\/pages\/1261\/revisions\/1571"}],"up":[{"embeddable":true,"href":"http:\/\/www.messdiener-stevede-goxel.de\/wordpress\/wp-json\/wp\/v2\/pages\/1225"}],"wp:attachment":[{"href":"http:\/\/www.messdiener-stevede-goxel.de\/wordpress\/wp-json\/wp\/v2\/media?parent=1261"}],"curies":[{"name":"wp","href":"https:\/\/api.w.org\/{rel}","templated":true}]}}