{"id":1264,"date":"2014-06-18T12:48:09","date_gmt":"2014-06-18T10:48:09","guid":{"rendered":"http:\/\/www.messdiener-stevede-goxel.de\/wordpress\/?page_id=1264"},"modified":"2014-06-29T18:42:43","modified_gmt":"2014-06-29T16:42:43","slug":"lagernachtreffen","status":"publish","type":"page","link":"http:\/\/www.messdiener-stevede-goxel.de\/wordpress\/archiv\/2013-2\/lagernachtreffen\/","title":{"rendered":"Lagernachtreffen"},"content":{"rendered":"<h6>Besser sp\u00e4t als nie<\/h6>\n<p>Reichlich sp\u00e4t ist es in diesem Jahr geworden. Aber wer erst im August ins Lager f\u00e4hrt darf sich auch nicht wundern wenn das Wetter beim Lagernachtreffen schon recht k\u00fchl ist. Damit wir nicht die Verantwortung f\u00fcr Krankheitstage in der Schule tragen sind wir lieber im warmen gelieben. Auch hier k\u00f6nnen wir es miteinander gut aushalten.<\/p>\n<p><!-- index.php -->\n<div\n\tclass=\"ngg-galleryoverview ngg-ajax-pagination-none\"\n\tid=\"ngg-gallery-1265-1\">\n\n    \t\t<!-- Thumbnails -->\n\t\t\t\t<div id=\"ngg-image-0\" class=\"ngg-gallery-thumbnail-box\" >\n\t\t\t\t        <div class=\"ngg-gallery-thumbnail\">\n            <a href=\"http:\/\/www.messdiener-stevede-goxel.de\/wordpress\/wp-content\/gallery\/lagernachtreffen\/DSC09409.jpg\"\n               title=\"\"\n               data-src=\"http:\/\/www.messdiener-stevede-goxel.de\/wordpress\/wp-content\/gallery\/lagernachtreffen\/DSC09409.jpg\"\n               data-thumbnail=\"http:\/\/www.messdiener-stevede-goxel.de\/wordpress\/wp-content\/gallery\/lagernachtreffen\/thumbs\/thumbs_DSC09409.jpg\"\n               data-image-id=\"481\"\n               data-title=\"DSC09409\"\n               data-description=\"\"\n               data-image-slug=\"dsc09409\"\n               class=\"ngg-fancybox\" rel=\"1265\">\n                <img\n                    title=\"DSC09409\"\n                    alt=\"DSC09409\"\n                    src=\"http:\/\/www.messdiener-stevede-goxel.de\/wordpress\/wp-content\/gallery\/lagernachtreffen\/cache\/DSC09409-nggid03481-ngg0dyn-235x235x100-00f0w010c011r110f110r010t010.jpg\"\n                    width=\"235\"\n                    height=\"235\"\n                    style=\"max-width:100%;\"\n                \/>\n            <\/a>\n        <\/div>\n\t\t\t\t\t\t\t<\/div> \n\t\t\t\n                            \n\t\t\t\t<div id=\"ngg-image-1\" class=\"ngg-gallery-thumbnail-box\" >\n\t\t\t\t        <div class=\"ngg-gallery-thumbnail\">\n            <a href=\"http:\/\/www.messdiener-stevede-goxel.de\/wordpress\/wp-content\/gallery\/lagernachtreffen\/DSC09410.jpg\"\n               title=\"\"\n               data-src=\"http:\/\/www.messdiener-stevede-goxel.de\/wordpress\/wp-content\/gallery\/lagernachtreffen\/DSC09410.jpg\"\n               data-thumbnail=\"http:\/\/www.messdiener-stevede-goxel.de\/wordpress\/wp-content\/gallery\/lagernachtreffen\/thumbs\/thumbs_DSC09410.jpg\"\n               data-image-id=\"482\"\n               data-title=\"DSC09410\"\n               data-description=\"\"\n               data-image-slug=\"dsc09410\"\n               class=\"ngg-fancybox\" rel=\"1265\">\n                <img\n                    title=\"DSC09410\"\n                    alt=\"DSC09410\"\n                    src=\"http:\/\/www.messdiener-stevede-goxel.de\/wordpress\/wp-content\/gallery\/lagernachtreffen\/cache\/DSC09410-nggid03482-ngg0dyn-235x235x100-00f0w010c011r110f110r010t010.jpg\"\n                    width=\"235\"\n                    height=\"235\"\n                    style=\"max-width:100%;\"\n                \/>\n            <\/a>\n        <\/div>\n\t\t\t\t\t\t\t<\/div> \n\t\t\t\n                            \n\t\t\t\t<div id=\"ngg-image-2\" class=\"ngg-gallery-thumbnail-box\" >\n\t\t\t\t        <div class=\"ngg-gallery-thumbnail\">\n            <a href=\"http:\/\/www.messdiener-stevede-goxel.de\/wordpress\/wp-content\/gallery\/lagernachtreffen\/DSC09416.jpg\"\n               title=\"\"\n               data-src=\"http:\/\/www.messdiener-stevede-goxel.de\/wordpress\/wp-content\/gallery\/lagernachtreffen\/DSC09416.jpg\"\n               data-thumbnail=\"http:\/\/www.messdiener-stevede-goxel.de\/wordpress\/wp-content\/gallery\/lagernachtreffen\/thumbs\/thumbs_DSC09416.jpg\"\n               data-image-id=\"483\"\n               data-title=\"DSC09416\"\n               data-description=\"\"\n               data-image-slug=\"dsc09416\"\n               class=\"ngg-fancybox\" rel=\"1265\">\n                <img\n                    title=\"DSC09416\"\n                    alt=\"DSC09416\"\n                    src=\"http:\/\/www.messdiener-stevede-goxel.de\/wordpress\/wp-content\/gallery\/lagernachtreffen\/cache\/DSC09416-nggid03483-ngg0dyn-235x235x100-00f0w010c011r110f110r010t010.jpg\"\n                    width=\"235\"\n                    height=\"235\"\n                    style=\"max-width:100%;\"\n                \/>\n            <\/a>\n        <\/div>\n\t\t\t\t\t\t\t<\/div> \n\t\t\t\n                            \n\t\t\t\t<div id=\"ngg-image-3\" class=\"ngg-gallery-thumbnail-box\" >\n\t\t\t\t        <div class=\"ngg-gallery-thumbnail\">\n            <a href=\"http:\/\/www.messdiener-stevede-goxel.de\/wordpress\/wp-content\/gallery\/lagernachtreffen\/DSC09424.jpg\"\n               title=\"\"\n               data-src=\"http:\/\/www.messdiener-stevede-goxel.de\/wordpress\/wp-content\/gallery\/lagernachtreffen\/DSC09424.jpg\"\n               data-thumbnail=\"http:\/\/www.messdiener-stevede-goxel.de\/wordpress\/wp-content\/gallery\/lagernachtreffen\/thumbs\/thumbs_DSC09424.jpg\"\n               data-image-id=\"476\"\n               data-title=\"DSC09424\"\n               data-description=\"\"\n               data-image-slug=\"dsc09424\"\n               class=\"ngg-fancybox\" rel=\"1265\">\n                <img\n                    title=\"DSC09424\"\n                    alt=\"DSC09424\"\n                    src=\"http:\/\/www.messdiener-stevede-goxel.de\/wordpress\/wp-content\/gallery\/lagernachtreffen\/cache\/DSC09424-nggid03476-ngg0dyn-235x235x100-00f0w010c011r110f110r010t010.jpg\"\n                    width=\"235\"\n                    height=\"235\"\n                    style=\"max-width:100%;\"\n                \/>\n            <\/a>\n        <\/div>\n\t\t\t\t\t\t\t<\/div> \n\t\t\t\n                                    <br style=\"clear: both\" \/>\n                    \n\t\t\t\t<div id=\"ngg-image-4\" class=\"ngg-gallery-thumbnail-box\" >\n\t\t\t\t        <div class=\"ngg-gallery-thumbnail\">\n            <a href=\"http:\/\/www.messdiener-stevede-goxel.de\/wordpress\/wp-content\/gallery\/lagernachtreffen\/DSC09430.jpg\"\n               title=\"\"\n               data-src=\"http:\/\/www.messdiener-stevede-goxel.de\/wordpress\/wp-content\/gallery\/lagernachtreffen\/DSC09430.jpg\"\n               data-thumbnail=\"http:\/\/www.messdiener-stevede-goxel.de\/wordpress\/wp-content\/gallery\/lagernachtreffen\/thumbs\/thumbs_DSC09430.jpg\"\n               data-image-id=\"477\"\n               data-title=\"DSC09430\"\n               data-description=\"\"\n               data-image-slug=\"dsc09430\"\n               class=\"ngg-fancybox\" rel=\"1265\">\n                <img\n                    title=\"DSC09430\"\n                    alt=\"DSC09430\"\n                    src=\"http:\/\/www.messdiener-stevede-goxel.de\/wordpress\/wp-content\/gallery\/lagernachtreffen\/cache\/DSC09430-nggid03477-ngg0dyn-235x235x100-00f0w010c011r110f110r010t010.jpg\"\n                    width=\"235\"\n                    height=\"235\"\n                    style=\"max-width:100%;\"\n                \/>\n            <\/a>\n        <\/div>\n\t\t\t\t\t\t\t<\/div> \n\t\t\t\n                            \n\t\t\t\t<div id=\"ngg-image-5\" class=\"ngg-gallery-thumbnail-box\" >\n\t\t\t\t        <div class=\"ngg-gallery-thumbnail\">\n            <a href=\"http:\/\/www.messdiener-stevede-goxel.de\/wordpress\/wp-content\/gallery\/lagernachtreffen\/DSC09433.jpg\"\n               title=\"\"\n               data-src=\"http:\/\/www.messdiener-stevede-goxel.de\/wordpress\/wp-content\/gallery\/lagernachtreffen\/DSC09433.jpg\"\n               data-thumbnail=\"http:\/\/www.messdiener-stevede-goxel.de\/wordpress\/wp-content\/gallery\/lagernachtreffen\/thumbs\/thumbs_DSC09433.jpg\"\n               data-image-id=\"478\"\n               data-title=\"DSC09433\"\n               data-description=\"\"\n               data-image-slug=\"dsc09433\"\n               class=\"ngg-fancybox\" rel=\"1265\">\n                <img\n                    title=\"DSC09433\"\n                    alt=\"DSC09433\"\n                    src=\"http:\/\/www.messdiener-stevede-goxel.de\/wordpress\/wp-content\/gallery\/lagernachtreffen\/cache\/DSC09433-nggid03478-ngg0dyn-235x235x100-00f0w010c011r110f110r010t010.jpg\"\n                    width=\"235\"\n                    height=\"235\"\n                    style=\"max-width:100%;\"\n                \/>\n            <\/a>\n        <\/div>\n\t\t\t\t\t\t\t<\/div> \n\t\t\t\n                            \n\t\t\t\t<div id=\"ngg-image-6\" class=\"ngg-gallery-thumbnail-box\" >\n\t\t\t\t        <div class=\"ngg-gallery-thumbnail\">\n            <a href=\"http:\/\/www.messdiener-stevede-goxel.de\/wordpress\/wp-content\/gallery\/lagernachtreffen\/DSC09458.jpg\"\n               title=\"\"\n               data-src=\"http:\/\/www.messdiener-stevede-goxel.de\/wordpress\/wp-content\/gallery\/lagernachtreffen\/DSC09458.jpg\"\n               data-thumbnail=\"http:\/\/www.messdiener-stevede-goxel.de\/wordpress\/wp-content\/gallery\/lagernachtreffen\/thumbs\/thumbs_DSC09458.jpg\"\n               data-image-id=\"479\"\n               data-title=\"DSC09458\"\n               data-description=\"\"\n               data-image-slug=\"dsc09458\"\n               class=\"ngg-fancybox\" rel=\"1265\">\n                <img\n                    title=\"DSC09458\"\n                    alt=\"DSC09458\"\n                    src=\"http:\/\/www.messdiener-stevede-goxel.de\/wordpress\/wp-content\/gallery\/lagernachtreffen\/cache\/DSC09458-nggid03479-ngg0dyn-235x235x100-00f0w010c011r110f110r010t010.jpg\"\n                    width=\"235\"\n                    height=\"235\"\n                    style=\"max-width:100%;\"\n                \/>\n            <\/a>\n        <\/div>\n\t\t\t\t\t\t\t<\/div> \n\t\t\t\n                            \n\t\t\t\t<div id=\"ngg-image-7\" class=\"ngg-gallery-thumbnail-box\" >\n\t\t\t\t        <div class=\"ngg-gallery-thumbnail\">\n            <a href=\"http:\/\/www.messdiener-stevede-goxel.de\/wordpress\/wp-content\/gallery\/lagernachtreffen\/DSC09469.jpg\"\n               title=\"\"\n               data-src=\"http:\/\/www.messdiener-stevede-goxel.de\/wordpress\/wp-content\/gallery\/lagernachtreffen\/DSC09469.jpg\"\n               data-thumbnail=\"http:\/\/www.messdiener-stevede-goxel.de\/wordpress\/wp-content\/gallery\/lagernachtreffen\/thumbs\/thumbs_DSC09469.jpg\"\n               data-image-id=\"480\"\n               data-title=\"DSC09469\"\n               data-description=\"\"\n               data-image-slug=\"dsc09469\"\n               class=\"ngg-fancybox\" rel=\"1265\">\n                <img\n                    title=\"DSC09469\"\n                    alt=\"DSC09469\"\n                    src=\"http:\/\/www.messdiener-stevede-goxel.de\/wordpress\/wp-content\/gallery\/lagernachtreffen\/cache\/DSC09469-nggid03480-ngg0dyn-235x235x100-00f0w010c011r110f110r010t010.jpg\"\n                    width=\"235\"\n                    height=\"235\"\n                    style=\"max-width:100%;\"\n                \/>\n            <\/a>\n        <\/div>\n\t\t\t\t\t\t\t<\/div> \n\t\t\t\n                                    <br style=\"clear: both\" \/>\n                    \n\t\t\n\t\t<!-- Pagination -->\n\t<div class='ngg-clear'><\/div>\t<\/div>\n<\/p>\n","protected":false},"excerpt":{"rendered":"<p>Besser sp\u00e4t als nie Reichlich sp\u00e4t ist es in diesem Jahr geworden. Aber wer erst im August ins Lager f\u00e4hrt darf sich auch nicht wundern wenn das Wetter beim Lagernachtreffen schon recht k\u00fchl ist. Damit wir nicht die Verantwortung f\u00fcr Krankheitstage in der Schule tragen sind wir lieber im warmen gelieben. Auch hier k\u00f6nnen wir [&hellip;]<\/p>\n","protected":false},"author":1,"featured_media":0,"parent":1225,"menu_order":0,"comment_status":"open","ping_status":"open","template":"","meta":{"ngg_post_thumbnail":0},"_links":{"self":[{"href":"http:\/\/www.messdiener-stevede-goxel.de\/wordpress\/wp-json\/wp\/v2\/pages\/1264"}],"collection":[{"href":"http:\/\/www.messdiener-stevede-goxel.de\/wordpress\/wp-json\/wp\/v2\/pages"}],"about":[{"href":"http:\/\/www.messdiener-stevede-goxel.de\/wordpress\/wp-json\/wp\/v2\/types\/page"}],"author":[{"embeddable":true,"href":"http:\/\/www.messdiener-stevede-goxel.de\/wordpress\/wp-json\/wp\/v2\/users\/1"}],"replies":[{"embeddable":true,"href":"http:\/\/www.messdiener-stevede-goxel.de\/wordpress\/wp-json\/wp\/v2\/comments?post=1264"}],"version-history":[{"count":3,"href":"http:\/\/www.messdiener-stevede-goxel.de\/wordpress\/wp-json\/wp\/v2\/pages\/1264\/revisions"}],"predecessor-version":[{"id":1568,"href":"http:\/\/www.messdiener-stevede-goxel.de\/wordpress\/wp-json\/wp\/v2\/pages\/1264\/revisions\/1568"}],"up":[{"embeddable":true,"href":"http:\/\/www.messdiener-stevede-goxel.de\/wordpress\/wp-json\/wp\/v2\/pages\/1225"}],"wp:attachment":[{"href":"http:\/\/www.messdiener-stevede-goxel.de\/wordpress\/wp-json\/wp\/v2\/media?parent=1264"}],"curies":[{"name":"wp","href":"https:\/\/api.w.org\/{rel}","templated":true}]}}