{"id":1698,"date":"2014-06-30T16:33:12","date_gmt":"2014-06-30T14:33:12","guid":{"rendered":"http:\/\/www.messdiener-stevede-goxel.de\/wordpress\/?page_id=1698"},"modified":"2014-07-01T22:20:41","modified_gmt":"2014-07-01T20:20:41","slug":"das-recht-am-eigenen-bild","status":"publish","type":"page","link":"http:\/\/www.messdiener-stevede-goxel.de\/wordpress\/das-recht-am-eigenen-bild\/","title":{"rendered":"Das Recht am eigenen Bild"},"content":{"rendered":"<h5>&#8230; und wie du davon Gebrauch machen kannst.<\/h5>\n<p><strong>Das &#8222;Recht am eigenen Bild&#8220; besagt, dass jeder Mensch grunds\u00e4tzlich selbst dar\u00fcber bestimmen darf, ob \u00fcberhaupt und in welchem Zusammenhang Bilder von ihm ver\u00f6ffentlicht werden.\u00a0 Dieses Recht gilt auch, nachdem eine schriftliche Erlaubnis gegeben wurde.<\/strong><\/p>\n<p>Wenn du dich mit einem hier ver\u00f6ffentlichten Bild unwohl f\u00fchlst schreib uns einfach! Wir nehmen das Bild so schnell es geht heraus.<\/p>\n<div role=\"form\" class=\"wpcf7\" id=\"wpcf7-f1576-o1\" lang=\"de-DE\" dir=\"ltr\">\n<div class=\"screen-reader-response\"><p role=\"status\" aria-live=\"polite\" aria-atomic=\"true\"><\/p> <ul><\/ul><\/div>\n<form action=\"\/wordpress\/wp-json\/wp\/v2\/pages\/1698#wpcf7-f1576-o1\" method=\"post\" class=\"wpcf7-form init\" enctype=\"multipart\/form-data\" novalidate=\"novalidate\" data-status=\"init\">\n<div style=\"display: none;\">\n<input type=\"hidden\" name=\"_wpcf7\" value=\"1576\" \/>\n<input type=\"hidden\" name=\"_wpcf7_version\" value=\"5.6.4\" \/>\n<input type=\"hidden\" name=\"_wpcf7_locale\" value=\"de_DE\" \/>\n<input type=\"hidden\" name=\"_wpcf7_unit_tag\" value=\"wpcf7-f1576-o1\" \/>\n<input type=\"hidden\" name=\"_wpcf7_container_post\" value=\"0\" \/>\n<input type=\"hidden\" name=\"_wpcf7_posted_data_hash\" value=\"\" \/>\n<\/div>\n<p><strong>\n<p>Dein Name*:<\/strong>&nbsp;<br \/>\n<span class=\"wpcf7-form-control-wrap\" data-name=\"your-name\"><input type=\"text\" name=\"your-name\" value=\"\" size=\"40\" class=\"wpcf7-form-control wpcf7-text wpcf7-validates-as-required\" aria-required=\"true\" aria-invalid=\"false\" \/><\/span> <\/p>\n<p><strong>\n<p>Deine E-Mail-Adresse*:<\/strong>&nbsp;<br \/>\n<span class=\"wpcf7-form-control-wrap\" data-name=\"your-email\"><input type=\"email\" name=\"your-email\" value=\"\" size=\"40\" class=\"wpcf7-form-control wpcf7-text wpcf7-email wpcf7-validates-as-required wpcf7-validates-as-email\" aria-required=\"true\" aria-invalid=\"false\" \/><\/span> <\/p>\n<p><strong>\n<p>Betreff&nbsp;<\/strong><br \/>\n<span class=\"wpcf7-form-control-wrap\" data-name=\"your-subject\"><input type=\"text\" name=\"your-subject\" value=\"\" size=\"40\" class=\"wpcf7-form-control wpcf7-text\" aria-invalid=\"false\" \/><\/span> <\/p>\n<p><strong>\n<p>Deine Nachricht&nbsp;<\/strong><br \/>\n<span class=\"wpcf7-form-control-wrap\" data-name=\"your-message\"><textarea name=\"your-message\" cols=\"40\" rows=\"10\" class=\"wpcf7-form-control wpcf7-textarea wpcf7-validates-as-required\" aria-required=\"true\" aria-invalid=\"false\"><\/textarea><\/span> <\/p>\n<p><strong>\n<p>Anhang&nbsp;<\/strong><br \/>\n<span class=\"wpcf7-form-control-wrap\" data-name=\"file-389\"><input type=\"file\" name=\"file-389\" size=\"40\" class=\"wpcf7-form-control wpcf7-file\" accept=\"audio\/*,video\/*,image\/*\" aria-invalid=\"false\" \/><\/span><\/p>\n<p><strong>\n<p>... und zum Schluss: die Sicherheitsabfrage*&nbsp;<\/strong><br \/>\n<input type=\"hidden\" name=\"_wpcf7_captcha_challenge_captcha-815\" value=\"1550031826\" \/><img class=\"wpcf7-form-control wpcf7-captchac wpcf7-captcha-captcha-815\" width=\"72\" height=\"24\" alt=\"captcha\" src=\"http:\/\/www.messdiener-stevede-goxel.de\/wordpress\/wp-content\/uploads\/wpcf7_captcha\/1550031826.png\" \/><br \/>\n<span class=\"wpcf7-form-control-wrap\" data-name=\"captcha-815\"><input type=\"text\" name=\"captcha-815\" value=\"\" size=\"40\" class=\"wpcf7-form-control wpcf7-captchar\" autocomplete=\"off\" aria-invalid=\"false\" \/><\/span><\/p>\n<p><strong>\n<p><input type=\"submit\" value=\"Senden\" class=\"wpcf7-form-control has-spinner wpcf7-submit\" \/><\/p>\n<p><\/strong><\/p>\n<p><i>Mit einem * markierte Felder sind Pflichtfelder.<\/i><\/p>\n<p style=\"display: none !important;\"><label>&#916;<textarea name=\"_wpcf7_ak_hp_textarea\" cols=\"45\" rows=\"8\" maxlength=\"100\"><\/textarea><\/label><input type=\"hidden\" id=\"ak_js_1\" name=\"_wpcf7_ak_js\" value=\"16\"\/><script>document.getElementById( \"ak_js_1\" ).setAttribute( \"value\", ( new Date() ).getTime() );<\/script><\/p><div class=\"wpcf7-response-output\" aria-hidden=\"true\"><\/div><\/form><\/div>\n<p>&nbsp;<\/p>\n<p>&nbsp;<\/p>\n<p>&nbsp;<\/p>\n<p>&nbsp;<\/p>\n","protected":false},"excerpt":{"rendered":"<p>&#8230; und wie du davon Gebrauch machen kannst. Das &#8222;Recht am eigenen Bild&#8220; besagt, dass jeder Mensch grunds\u00e4tzlich selbst dar\u00fcber bestimmen darf, ob \u00fcberhaupt und in welchem Zusammenhang Bilder von ihm ver\u00f6ffentlicht werden.\u00a0 Dieses Recht gilt auch, nachdem eine schriftliche Erlaubnis gegeben wurde. Wenn du dich mit einem hier ver\u00f6ffentlichten Bild unwohl f\u00fchlst schreib uns [&hellip;]<\/p>\n","protected":false},"author":1,"featured_media":0,"parent":0,"menu_order":0,"comment_status":"open","ping_status":"open","template":"","meta":{"ngg_post_thumbnail":0},"_links":{"self":[{"href":"http:\/\/www.messdiener-stevede-goxel.de\/wordpress\/wp-json\/wp\/v2\/pages\/1698"}],"collection":[{"href":"http:\/\/www.messdiener-stevede-goxel.de\/wordpress\/wp-json\/wp\/v2\/pages"}],"about":[{"href":"http:\/\/www.messdiener-stevede-goxel.de\/wordpress\/wp-json\/wp\/v2\/types\/page"}],"author":[{"embeddable":true,"href":"http:\/\/www.messdiener-stevede-goxel.de\/wordpress\/wp-json\/wp\/v2\/users\/1"}],"replies":[{"embeddable":true,"href":"http:\/\/www.messdiener-stevede-goxel.de\/wordpress\/wp-json\/wp\/v2\/comments?post=1698"}],"version-history":[{"count":6,"href":"http:\/\/www.messdiener-stevede-goxel.de\/wordpress\/wp-json\/wp\/v2\/pages\/1698\/revisions"}],"predecessor-version":[{"id":1701,"href":"http:\/\/www.messdiener-stevede-goxel.de\/wordpress\/wp-json\/wp\/v2\/pages\/1698\/revisions\/1701"}],"wp:attachment":[{"href":"http:\/\/www.messdiener-stevede-goxel.de\/wordpress\/wp-json\/wp\/v2\/media?parent=1698"}],"curies":[{"name":"wp","href":"https:\/\/api.w.org\/{rel}","templated":true}]}}