{"id":1717,"date":"2014-07-05T09:58:16","date_gmt":"2014-07-05T07:58:16","guid":{"rendered":"http:\/\/www.messdiener-stevede-goxel.de\/wordpress\/archiv\/2013-2\/sternsingeraktion\/sternsingeraktion\/"},"modified":"2014-11-04T21:42:05","modified_gmt":"2014-11-04T19:42:05","slug":"sternsingeraktion","status":"publish","type":"page","link":"http:\/\/www.messdiener-stevede-goxel.de\/wordpress\/2014-2\/sternsingeraktion\/","title":{"rendered":"Sternsingeraktion"},"content":{"rendered":"<h5>Segen bringen, ein Segen sein.<\/h5>\n<p>In jedem Jahr ziehen die Sternsinger durch Flamschen, Stevede und Goxel. Sie singen und segnen das Haus, das sich f\u00fcr sie \u00f6ffnet. Und sie bitten auch um eine Spende f\u00fcr Menschen die Unterst\u00fctzung brauchen.<\/p>\n<p>Die Spenden der Sternsingeraktion in Stevede und Goxel gehen in diesem Jahr auf die Philippinen.<\/p>\n<p>Der Sturm Haiyan hat im November 2013 auf den Philippinen mit unglaublichen 300 km\/h gesch\u00e4tzten 8 000 Menschen das Leben genommen und Sch\u00e4den in H\u00f6he von 2,8 Milliarden US-$ angerichtet. Um den Wiederaufbau zu unterst\u00fctzen haben wir uns daf\u00fcr entschieden die Spendengelder einer vor Ort arbeitenden Organisation zu \u00fcbergeben.<\/p>\n<p>Wir haben in Flamschen, Stevede und Goxel Spenden in H\u00f6he von 4 363,70\u20ac erhalten. Vielen Dank f\u00fcr diese Unterst\u00fctzung!<\/p>\n<p><!-- index.php -->\n<div\n\tclass=\"ngg-galleryoverview ngg-ajax-pagination-none\"\n\tid=\"ngg-gallery-2412-1\">\n\n    \t\t<!-- Thumbnails -->\n\t\t\t\t<div id=\"ngg-image-0\" class=\"ngg-gallery-thumbnail-box\" >\n\t\t\t\t        <div class=\"ngg-gallery-thumbnail\">\n            <a href=\"http:\/\/www.messdiener-stevede-goxel.de\/wordpress\/wp-content\/gallery\/sternsingeraktion\/2013-01-05-Sternsinger-1.jpg\"\n               title=\"\"\n               data-src=\"http:\/\/www.messdiener-stevede-goxel.de\/wordpress\/wp-content\/gallery\/sternsingeraktion\/2013-01-05-Sternsinger-1.jpg\"\n               data-thumbnail=\"http:\/\/www.messdiener-stevede-goxel.de\/wordpress\/wp-content\/gallery\/sternsingeraktion\/thumbs\/thumbs_2013-01-05-Sternsinger-1.jpg\"\n               data-image-id=\"502\"\n               data-title=\"2013-01-05-Sternsinger-(1)\"\n               data-description=\"\"\n               data-image-slug=\"2013-01-05-sternsinger-1\"\n               class=\"ngg-fancybox\" rel=\"2412\">\n                <img\n                    title=\"2013-01-05-Sternsinger-(1)\"\n                    alt=\"2013-01-05-Sternsinger-(1)\"\n                    src=\"http:\/\/www.messdiener-stevede-goxel.de\/wordpress\/wp-content\/gallery\/sternsingeraktion\/cache\/2013-01-05-Sternsinger-1-nggid03502-ngg0dyn-235x235x100-00f0w010c011r110f110r010t010.jpg\"\n                    width=\"235\"\n                    height=\"235\"\n                    style=\"max-width:100%;\"\n                \/>\n            <\/a>\n        <\/div>\n\t\t\t\t\t\t\t<\/div> \n\t\t\t\n                            \n\t\t\t\t<div id=\"ngg-image-1\" class=\"ngg-gallery-thumbnail-box\" >\n\t\t\t\t        <div class=\"ngg-gallery-thumbnail\">\n            <a href=\"http:\/\/www.messdiener-stevede-goxel.de\/wordpress\/wp-content\/gallery\/sternsingeraktion\/2013-01-05-Sternsinger-5.jpg\"\n               title=\"\"\n               data-src=\"http:\/\/www.messdiener-stevede-goxel.de\/wordpress\/wp-content\/gallery\/sternsingeraktion\/2013-01-05-Sternsinger-5.jpg\"\n               data-thumbnail=\"http:\/\/www.messdiener-stevede-goxel.de\/wordpress\/wp-content\/gallery\/sternsingeraktion\/thumbs\/thumbs_2013-01-05-Sternsinger-5.jpg\"\n               data-image-id=\"503\"\n               data-title=\"2013-01-05-Sternsinger-(5)\"\n               data-description=\"\"\n               data-image-slug=\"2013-01-05-sternsinger-5\"\n               class=\"ngg-fancybox\" rel=\"2412\">\n                <img\n                    title=\"2013-01-05-Sternsinger-(5)\"\n                    alt=\"2013-01-05-Sternsinger-(5)\"\n                    src=\"http:\/\/www.messdiener-stevede-goxel.de\/wordpress\/wp-content\/gallery\/sternsingeraktion\/cache\/2013-01-05-Sternsinger-5-nggid03503-ngg0dyn-235x235x100-00f0w010c011r110f110r010t010.jpg\"\n                    width=\"235\"\n                    height=\"235\"\n                    style=\"max-width:100%;\"\n                \/>\n            <\/a>\n        <\/div>\n\t\t\t\t\t\t\t<\/div> \n\t\t\t\n                            \n\t\t\t\t<div id=\"ngg-image-2\" class=\"ngg-gallery-thumbnail-box\" >\n\t\t\t\t        <div class=\"ngg-gallery-thumbnail\">\n            <a href=\"http:\/\/www.messdiener-stevede-goxel.de\/wordpress\/wp-content\/gallery\/sternsingeraktion\/2013-01-05-Sternsinger-6.jpg\"\n               title=\"\"\n               data-src=\"http:\/\/www.messdiener-stevede-goxel.de\/wordpress\/wp-content\/gallery\/sternsingeraktion\/2013-01-05-Sternsinger-6.jpg\"\n               data-thumbnail=\"http:\/\/www.messdiener-stevede-goxel.de\/wordpress\/wp-content\/gallery\/sternsingeraktion\/thumbs\/thumbs_2013-01-05-Sternsinger-6.jpg\"\n               data-image-id=\"504\"\n               data-title=\"2013-01-05-Sternsinger-(6)\"\n               data-description=\"\"\n               data-image-slug=\"2013-01-05-sternsinger-6\"\n               class=\"ngg-fancybox\" rel=\"2412\">\n                <img\n                    title=\"2013-01-05-Sternsinger-(6)\"\n                    alt=\"2013-01-05-Sternsinger-(6)\"\n                    src=\"http:\/\/www.messdiener-stevede-goxel.de\/wordpress\/wp-content\/gallery\/sternsingeraktion\/cache\/2013-01-05-Sternsinger-6-nggid03504-ngg0dyn-235x235x100-00f0w010c011r110f110r010t010.jpg\"\n                    width=\"235\"\n                    height=\"235\"\n                    style=\"max-width:100%;\"\n                \/>\n            <\/a>\n        <\/div>\n\t\t\t\t\t\t\t<\/div> \n\t\t\t\n                            \n\t\t\t\t<div id=\"ngg-image-3\" class=\"ngg-gallery-thumbnail-box\" >\n\t\t\t\t        <div class=\"ngg-gallery-thumbnail\">\n            <a href=\"http:\/\/www.messdiener-stevede-goxel.de\/wordpress\/wp-content\/gallery\/sternsingeraktion\/2013-01-05-Sternsinger-8.jpg\"\n               title=\"\"\n               data-src=\"http:\/\/www.messdiener-stevede-goxel.de\/wordpress\/wp-content\/gallery\/sternsingeraktion\/2013-01-05-Sternsinger-8.jpg\"\n               data-thumbnail=\"http:\/\/www.messdiener-stevede-goxel.de\/wordpress\/wp-content\/gallery\/sternsingeraktion\/thumbs\/thumbs_2013-01-05-Sternsinger-8.jpg\"\n               data-image-id=\"499\"\n               data-title=\"2013-01-05-Sternsinger-(8)\"\n               data-description=\"\"\n               data-image-slug=\"2013-01-05-sternsinger-8\"\n               class=\"ngg-fancybox\" rel=\"2412\">\n                <img\n                    title=\"2013-01-05-Sternsinger-(8)\"\n                    alt=\"2013-01-05-Sternsinger-(8)\"\n                    src=\"http:\/\/www.messdiener-stevede-goxel.de\/wordpress\/wp-content\/gallery\/sternsingeraktion\/cache\/2013-01-05-Sternsinger-8-nggid03499-ngg0dyn-235x235x100-00f0w010c011r110f110r010t010.jpg\"\n                    width=\"235\"\n                    height=\"235\"\n                    style=\"max-width:100%;\"\n                \/>\n            <\/a>\n        <\/div>\n\t\t\t\t\t\t\t<\/div> \n\t\t\t\n                                    <br style=\"clear: both\" \/>\n                    \n\t\t\t\t<div id=\"ngg-image-4\" class=\"ngg-gallery-thumbnail-box\" >\n\t\t\t\t        <div class=\"ngg-gallery-thumbnail\">\n            <a href=\"http:\/\/www.messdiener-stevede-goxel.de\/wordpress\/wp-content\/gallery\/sternsingeraktion\/2013-01-05-Sternsinger-12.jpg\"\n               title=\"\"\n               data-src=\"http:\/\/www.messdiener-stevede-goxel.de\/wordpress\/wp-content\/gallery\/sternsingeraktion\/2013-01-05-Sternsinger-12.jpg\"\n               data-thumbnail=\"http:\/\/www.messdiener-stevede-goxel.de\/wordpress\/wp-content\/gallery\/sternsingeraktion\/thumbs\/thumbs_2013-01-05-Sternsinger-12.jpg\"\n               data-image-id=\"500\"\n               data-title=\"2013-01-05-Sternsinger-(12)\"\n               data-description=\"\"\n               data-image-slug=\"2013-01-05-sternsinger-12\"\n               class=\"ngg-fancybox\" rel=\"2412\">\n                <img\n                    title=\"2013-01-05-Sternsinger-(12)\"\n                    alt=\"2013-01-05-Sternsinger-(12)\"\n                    src=\"http:\/\/www.messdiener-stevede-goxel.de\/wordpress\/wp-content\/gallery\/sternsingeraktion\/cache\/2013-01-05-Sternsinger-12-nggid03500-ngg0dyn-235x235x100-00f0w010c011r110f110r010t010.jpg\"\n                    width=\"235\"\n                    height=\"235\"\n                    style=\"max-width:100%;\"\n                \/>\n            <\/a>\n        <\/div>\n\t\t\t\t\t\t\t<\/div> \n\t\t\t\n                            \n\t\t\t\t<div id=\"ngg-image-5\" class=\"ngg-gallery-thumbnail-box\" >\n\t\t\t\t        <div class=\"ngg-gallery-thumbnail\">\n            <a href=\"http:\/\/www.messdiener-stevede-goxel.de\/wordpress\/wp-content\/gallery\/sternsingeraktion\/2013-01-05-Sternsinger-25.1.jpg\"\n               title=\"\"\n               data-src=\"http:\/\/www.messdiener-stevede-goxel.de\/wordpress\/wp-content\/gallery\/sternsingeraktion\/2013-01-05-Sternsinger-25.1.jpg\"\n               data-thumbnail=\"http:\/\/www.messdiener-stevede-goxel.de\/wordpress\/wp-content\/gallery\/sternsingeraktion\/thumbs\/thumbs_2013-01-05-Sternsinger-25.1.jpg\"\n               data-image-id=\"501\"\n               data-title=\"2013-01-05-Sternsinger-(25.1)\"\n               data-description=\"\"\n               data-image-slug=\"2013-01-05-sternsinger-25-1\"\n               class=\"ngg-fancybox\" rel=\"2412\">\n                <img\n                    title=\"2013-01-05-Sternsinger-(25.1)\"\n                    alt=\"2013-01-05-Sternsinger-(25.1)\"\n                    src=\"http:\/\/www.messdiener-stevede-goxel.de\/wordpress\/wp-content\/gallery\/sternsingeraktion\/cache\/2013-01-05-Sternsinger-25.1-nggid03501-ngg0dyn-235x235x100-00f0w010c011r110f110r010t010.jpg\"\n                    width=\"235\"\n                    height=\"235\"\n                    style=\"max-width:100%;\"\n                \/>\n            <\/a>\n        <\/div>\n\t\t\t\t\t\t\t<\/div> \n\t\t\t\n                            \n\t\t\n\t\t<!-- Pagination -->\n\t<div class='ngg-clear'><\/div>\t<\/div>\n<\/p>\n","protected":false},"excerpt":{"rendered":"<p>Segen bringen, ein Segen sein. In jedem Jahr ziehen die Sternsinger durch Flamschen, Stevede und Goxel. Sie singen und segnen das Haus, das sich f\u00fcr sie \u00f6ffnet. Und sie bitten auch um eine Spende f\u00fcr Menschen die Unterst\u00fctzung brauchen. Die Spenden der Sternsingeraktion in Stevede und Goxel gehen in diesem Jahr auf die Philippinen. Der [&hellip;]<\/p>\n","protected":false},"author":1,"featured_media":0,"parent":1760,"menu_order":0,"comment_status":"open","ping_status":"closed","template":"","meta":{"ngg_post_thumbnail":0},"_links":{"self":[{"href":"http:\/\/www.messdiener-stevede-goxel.de\/wordpress\/wp-json\/wp\/v2\/pages\/1717"}],"collection":[{"href":"http:\/\/www.messdiener-stevede-goxel.de\/wordpress\/wp-json\/wp\/v2\/pages"}],"about":[{"href":"http:\/\/www.messdiener-stevede-goxel.de\/wordpress\/wp-json\/wp\/v2\/types\/page"}],"author":[{"embeddable":true,"href":"http:\/\/www.messdiener-stevede-goxel.de\/wordpress\/wp-json\/wp\/v2\/users\/1"}],"replies":[{"embeddable":true,"href":"http:\/\/www.messdiener-stevede-goxel.de\/wordpress\/wp-json\/wp\/v2\/comments?post=1717"}],"version-history":[{"count":3,"href":"http:\/\/www.messdiener-stevede-goxel.de\/wordpress\/wp-json\/wp\/v2\/pages\/1717\/revisions"}],"predecessor-version":[{"id":2413,"href":"http:\/\/www.messdiener-stevede-goxel.de\/wordpress\/wp-json\/wp\/v2\/pages\/1717\/revisions\/2413"}],"up":[{"embeddable":true,"href":"http:\/\/www.messdiener-stevede-goxel.de\/wordpress\/wp-json\/wp\/v2\/pages\/1760"}],"wp:attachment":[{"href":"http:\/\/www.messdiener-stevede-goxel.de\/wordpress\/wp-json\/wp\/v2\/media?parent=1717"}],"curies":[{"name":"wp","href":"https:\/\/api.w.org\/{rel}","templated":true}]}}