{"id":2440,"date":"2015-01-21T22:04:37","date_gmt":"2015-01-21T20:04:37","guid":{"rendered":"http:\/\/www.messdiener-stevede-goxel.de\/wordpress\/2015-2\/sternsingeraktion\/"},"modified":"2015-01-21T23:45:47","modified_gmt":"2015-01-21T21:45:47","slug":"sternsingeraktion","status":"publish","type":"page","link":"http:\/\/www.messdiener-stevede-goxel.de\/wordpress\/2015-2\/sternsingeraktion\/","title":{"rendered":"Sternsingeraktion"},"content":{"rendered":"<h4>Rund 3700 \u20ac&#8230;<\/h4>\n<p>&#8230; habt ihr Sternsinger f\u00fcr die Partnergemeinde in Ghana in diesem Jahr gesammelt. Vielen Dank daf\u00fcr!<br \/>\nN\u00e4here Informationen \u00fcber unsere Partnergemeinde findet ihr <a title=\"Catholic Diocese of Navrongo-Bolgantanga\" href=\"http:\/\/www.anna-katharina.de\/index.php?id=MTk0&amp;data=YWtlX2xpbms=\" target=\"_blank\">hier<\/a>.<\/p>\n<!-- index.php -->\n<div\n\tclass=\"ngg-galleryoverview ngg-ajax-pagination-none\"\n\tid=\"ngg-gallery-10163d220044d5491ce5819c3947c340-1\">\n\n    \t\t<!-- Thumbnails -->\n\t\t\t\t<div id=\"ngg-image-0\" class=\"ngg-gallery-thumbnail-box\" >\n\t\t\t\t        <div class=\"ngg-gallery-thumbnail\">\n            <a href=\"http:\/\/www.messdiener-stevede-goxel.de\/wordpress\/wp-content\/gallery\/sternsingeraktion-2015\/20150103-Sternsingeraktion_Stevede_Goxel_Stoxel.jpg\"\n               title=\"\"\n               data-src=\"http:\/\/www.messdiener-stevede-goxel.de\/wordpress\/wp-content\/gallery\/sternsingeraktion-2015\/20150103-Sternsingeraktion_Stevede_Goxel_Stoxel.jpg\"\n               data-thumbnail=\"http:\/\/www.messdiener-stevede-goxel.de\/wordpress\/wp-content\/gallery\/sternsingeraktion-2015\/thumbs\/thumbs_20150103-Sternsingeraktion_Stevede_Goxel_Stoxel.jpg\"\n               data-image-id=\"961\"\n               data-title=\"20150103-Sternsingeraktion_Stevede_Goxel_Stoxel\"\n               data-description=\"\"\n               data-image-slug=\"20150103-sternsingeraktion_stevede_goxel_stoxel\"\n               class=\"ngg-fancybox\" rel=\"10163d220044d5491ce5819c3947c340\">\n                <img\n                    title=\"20150103-Sternsingeraktion_Stevede_Goxel_Stoxel\"\n                    alt=\"20150103-Sternsingeraktion_Stevede_Goxel_Stoxel\"\n                    src=\"http:\/\/www.messdiener-stevede-goxel.de\/wordpress\/wp-content\/gallery\/sternsingeraktion-2015\/cache\/20150103-Sternsingeraktion_Stevede_Goxel_Stoxel-nggid03961-ngg0dyn-235x235x100-00f0w010c011r110f110r010t010.jpg\"\n                    width=\"235\"\n                    height=\"235\"\n                    style=\"max-width:100%;\"\n                \/>\n            <\/a>\n        <\/div>\n\t\t\t\t\t\t\t<\/div> \n\t\t\t\n                            \n\t\t\t\t<div id=\"ngg-image-1\" class=\"ngg-gallery-thumbnail-box\" >\n\t\t\t\t        <div class=\"ngg-gallery-thumbnail\">\n            <a href=\"http:\/\/www.messdiener-stevede-goxel.de\/wordpress\/wp-content\/gallery\/sternsingeraktion-2015\/20150103-Sternsingeraktion_Stevede_Goxel_Stoxel-2.jpg\"\n               title=\"\"\n               data-src=\"http:\/\/www.messdiener-stevede-goxel.de\/wordpress\/wp-content\/gallery\/sternsingeraktion-2015\/20150103-Sternsingeraktion_Stevede_Goxel_Stoxel-2.jpg\"\n               data-thumbnail=\"http:\/\/www.messdiener-stevede-goxel.de\/wordpress\/wp-content\/gallery\/sternsingeraktion-2015\/thumbs\/thumbs_20150103-Sternsingeraktion_Stevede_Goxel_Stoxel-2.jpg\"\n               data-image-id=\"962\"\n               data-title=\"20150103-Sternsingeraktion_Stevede_Goxel_Stoxel-2\"\n               data-description=\"\"\n               data-image-slug=\"20150103-sternsingeraktion_stevede_goxel_stoxel-2\"\n               class=\"ngg-fancybox\" rel=\"10163d220044d5491ce5819c3947c340\">\n                <img\n                    title=\"20150103-Sternsingeraktion_Stevede_Goxel_Stoxel-2\"\n                    alt=\"20150103-Sternsingeraktion_Stevede_Goxel_Stoxel-2\"\n                    src=\"http:\/\/www.messdiener-stevede-goxel.de\/wordpress\/wp-content\/gallery\/sternsingeraktion-2015\/cache\/20150103-Sternsingeraktion_Stevede_Goxel_Stoxel-2-nggid03962-ngg0dyn-235x235x100-00f0w010c011r110f110r010t010.jpg\"\n                    width=\"235\"\n                    height=\"235\"\n                    style=\"max-width:100%;\"\n                \/>\n            <\/a>\n        <\/div>\n\t\t\t\t\t\t\t<\/div> \n\t\t\t\n                            \n\t\t\t\t<div id=\"ngg-image-2\" class=\"ngg-gallery-thumbnail-box\" >\n\t\t\t\t        <div class=\"ngg-gallery-thumbnail\">\n            <a href=\"http:\/\/www.messdiener-stevede-goxel.de\/wordpress\/wp-content\/gallery\/sternsingeraktion-2015\/20150103-Sternsingeraktion_Stevede_Goxel_Stoxel-3.jpg\"\n               title=\"\"\n               data-src=\"http:\/\/www.messdiener-stevede-goxel.de\/wordpress\/wp-content\/gallery\/sternsingeraktion-2015\/20150103-Sternsingeraktion_Stevede_Goxel_Stoxel-3.jpg\"\n               data-thumbnail=\"http:\/\/www.messdiener-stevede-goxel.de\/wordpress\/wp-content\/gallery\/sternsingeraktion-2015\/thumbs\/thumbs_20150103-Sternsingeraktion_Stevede_Goxel_Stoxel-3.jpg\"\n               data-image-id=\"963\"\n               data-title=\"20150103-Sternsingeraktion_Stevede_Goxel_Stoxel-3\"\n               data-description=\"\"\n               data-image-slug=\"20150103-sternsingeraktion_stevede_goxel_stoxel-3\"\n               class=\"ngg-fancybox\" rel=\"10163d220044d5491ce5819c3947c340\">\n                <img\n                    title=\"20150103-Sternsingeraktion_Stevede_Goxel_Stoxel-3\"\n                    alt=\"20150103-Sternsingeraktion_Stevede_Goxel_Stoxel-3\"\n                    src=\"http:\/\/www.messdiener-stevede-goxel.de\/wordpress\/wp-content\/gallery\/sternsingeraktion-2015\/cache\/20150103-Sternsingeraktion_Stevede_Goxel_Stoxel-3-nggid03963-ngg0dyn-235x235x100-00f0w010c011r110f110r010t010.jpg\"\n                    width=\"235\"\n                    height=\"235\"\n                    style=\"max-width:100%;\"\n                \/>\n            <\/a>\n        <\/div>\n\t\t\t\t\t\t\t<\/div> \n\t\t\t\n                            \n\t\t\t\t<div id=\"ngg-image-3\" class=\"ngg-gallery-thumbnail-box\" >\n\t\t\t\t        <div class=\"ngg-gallery-thumbnail\">\n            <a href=\"http:\/\/www.messdiener-stevede-goxel.de\/wordpress\/wp-content\/gallery\/sternsingeraktion-2015\/20150103-Sternsingeraktion_Stevede_Goxel_Stoxel-4.jpg\"\n               title=\"\"\n               data-src=\"http:\/\/www.messdiener-stevede-goxel.de\/wordpress\/wp-content\/gallery\/sternsingeraktion-2015\/20150103-Sternsingeraktion_Stevede_Goxel_Stoxel-4.jpg\"\n               data-thumbnail=\"http:\/\/www.messdiener-stevede-goxel.de\/wordpress\/wp-content\/gallery\/sternsingeraktion-2015\/thumbs\/thumbs_20150103-Sternsingeraktion_Stevede_Goxel_Stoxel-4.jpg\"\n               data-image-id=\"964\"\n               data-title=\"20150103-Sternsingeraktion_Stevede_Goxel_Stoxel-4\"\n               data-description=\"\"\n               data-image-slug=\"20150103-sternsingeraktion_stevede_goxel_stoxel-4\"\n               class=\"ngg-fancybox\" rel=\"10163d220044d5491ce5819c3947c340\">\n                <img\n                    title=\"20150103-Sternsingeraktion_Stevede_Goxel_Stoxel-4\"\n                    alt=\"20150103-Sternsingeraktion_Stevede_Goxel_Stoxel-4\"\n                    src=\"http:\/\/www.messdiener-stevede-goxel.de\/wordpress\/wp-content\/gallery\/sternsingeraktion-2015\/cache\/20150103-Sternsingeraktion_Stevede_Goxel_Stoxel-4-nggid03964-ngg0dyn-235x235x100-00f0w010c011r110f110r010t010.jpg\"\n                    width=\"235\"\n                    height=\"235\"\n                    style=\"max-width:100%;\"\n                \/>\n            <\/a>\n        <\/div>\n\t\t\t\t\t\t\t<\/div> \n\t\t\t\n                                    <br style=\"clear: both\" \/>\n                    \n\t\t\t\t<div id=\"ngg-image-4\" class=\"ngg-gallery-thumbnail-box\" >\n\t\t\t\t        <div class=\"ngg-gallery-thumbnail\">\n            <a href=\"http:\/\/www.messdiener-stevede-goxel.de\/wordpress\/wp-content\/gallery\/sternsingeraktion-2015\/20150103-Sternsingeraktion_Stevede_Goxel_Stoxel-6.jpg\"\n               title=\"\"\n               data-src=\"http:\/\/www.messdiener-stevede-goxel.de\/wordpress\/wp-content\/gallery\/sternsingeraktion-2015\/20150103-Sternsingeraktion_Stevede_Goxel_Stoxel-6.jpg\"\n               data-thumbnail=\"http:\/\/www.messdiener-stevede-goxel.de\/wordpress\/wp-content\/gallery\/sternsingeraktion-2015\/thumbs\/thumbs_20150103-Sternsingeraktion_Stevede_Goxel_Stoxel-6.jpg\"\n               data-image-id=\"965\"\n               data-title=\"20150103-Sternsingeraktion_Stevede_Goxel_Stoxel-6\"\n               data-description=\"\"\n               data-image-slug=\"20150103-sternsingeraktion_stevede_goxel_stoxel-6\"\n               class=\"ngg-fancybox\" rel=\"10163d220044d5491ce5819c3947c340\">\n                <img\n                    title=\"20150103-Sternsingeraktion_Stevede_Goxel_Stoxel-6\"\n                    alt=\"20150103-Sternsingeraktion_Stevede_Goxel_Stoxel-6\"\n                    src=\"http:\/\/www.messdiener-stevede-goxel.de\/wordpress\/wp-content\/gallery\/sternsingeraktion-2015\/cache\/20150103-Sternsingeraktion_Stevede_Goxel_Stoxel-6-nggid03965-ngg0dyn-235x235x100-00f0w010c011r110f110r010t010.jpg\"\n                    width=\"235\"\n                    height=\"235\"\n                    style=\"max-width:100%;\"\n                \/>\n            <\/a>\n        <\/div>\n\t\t\t\t\t\t\t<\/div> \n\t\t\t\n                            \n\t\t\t\t<div id=\"ngg-image-5\" class=\"ngg-gallery-thumbnail-box\" >\n\t\t\t\t        <div class=\"ngg-gallery-thumbnail\">\n            <a href=\"http:\/\/www.messdiener-stevede-goxel.de\/wordpress\/wp-content\/gallery\/sternsingeraktion-2015\/20150103-Sternsingeraktion_Stevede_Goxel_Stoxel-8.jpg\"\n               title=\"\"\n               data-src=\"http:\/\/www.messdiener-stevede-goxel.de\/wordpress\/wp-content\/gallery\/sternsingeraktion-2015\/20150103-Sternsingeraktion_Stevede_Goxel_Stoxel-8.jpg\"\n               data-thumbnail=\"http:\/\/www.messdiener-stevede-goxel.de\/wordpress\/wp-content\/gallery\/sternsingeraktion-2015\/thumbs\/thumbs_20150103-Sternsingeraktion_Stevede_Goxel_Stoxel-8.jpg\"\n               data-image-id=\"966\"\n               data-title=\"20150103-Sternsingeraktion_Stevede_Goxel_Stoxel-8\"\n               data-description=\"\"\n               data-image-slug=\"20150103-sternsingeraktion_stevede_goxel_stoxel-8\"\n               class=\"ngg-fancybox\" rel=\"10163d220044d5491ce5819c3947c340\">\n                <img\n                    title=\"20150103-Sternsingeraktion_Stevede_Goxel_Stoxel-8\"\n                    alt=\"20150103-Sternsingeraktion_Stevede_Goxel_Stoxel-8\"\n                    src=\"http:\/\/www.messdiener-stevede-goxel.de\/wordpress\/wp-content\/gallery\/sternsingeraktion-2015\/cache\/20150103-Sternsingeraktion_Stevede_Goxel_Stoxel-8-nggid03966-ngg0dyn-235x235x100-00f0w010c011r110f110r010t010.jpg\"\n                    width=\"235\"\n                    height=\"235\"\n                    style=\"max-width:100%;\"\n                \/>\n            <\/a>\n        <\/div>\n\t\t\t\t\t\t\t<\/div> \n\t\t\t\n                            \n\t\t\t\t<div id=\"ngg-image-6\" class=\"ngg-gallery-thumbnail-box\" >\n\t\t\t\t        <div class=\"ngg-gallery-thumbnail\">\n            <a href=\"http:\/\/www.messdiener-stevede-goxel.de\/wordpress\/wp-content\/gallery\/sternsingeraktion-2015\/20150103-Sternsingeraktion_Stevede_Goxel_Stoxel-9.jpg\"\n               title=\"\"\n               data-src=\"http:\/\/www.messdiener-stevede-goxel.de\/wordpress\/wp-content\/gallery\/sternsingeraktion-2015\/20150103-Sternsingeraktion_Stevede_Goxel_Stoxel-9.jpg\"\n               data-thumbnail=\"http:\/\/www.messdiener-stevede-goxel.de\/wordpress\/wp-content\/gallery\/sternsingeraktion-2015\/thumbs\/thumbs_20150103-Sternsingeraktion_Stevede_Goxel_Stoxel-9.jpg\"\n               data-image-id=\"967\"\n               data-title=\"20150103-Sternsingeraktion_Stevede_Goxel_Stoxel-9\"\n               data-description=\"\"\n               data-image-slug=\"20150103-sternsingeraktion_stevede_goxel_stoxel-9\"\n               class=\"ngg-fancybox\" rel=\"10163d220044d5491ce5819c3947c340\">\n                <img\n                    title=\"20150103-Sternsingeraktion_Stevede_Goxel_Stoxel-9\"\n                    alt=\"20150103-Sternsingeraktion_Stevede_Goxel_Stoxel-9\"\n                    src=\"http:\/\/www.messdiener-stevede-goxel.de\/wordpress\/wp-content\/gallery\/sternsingeraktion-2015\/cache\/20150103-Sternsingeraktion_Stevede_Goxel_Stoxel-9-nggid03967-ngg0dyn-235x235x100-00f0w010c011r110f110r010t010.jpg\"\n                    width=\"235\"\n                    height=\"235\"\n                    style=\"max-width:100%;\"\n                \/>\n            <\/a>\n        <\/div>\n\t\t\t\t\t\t\t<\/div> \n\t\t\t\n                            \n\t\t\t\t<div id=\"ngg-image-7\" class=\"ngg-gallery-thumbnail-box\" >\n\t\t\t\t        <div class=\"ngg-gallery-thumbnail\">\n            <a href=\"http:\/\/www.messdiener-stevede-goxel.de\/wordpress\/wp-content\/gallery\/sternsingeraktion-2015\/20150103-Sternsingeraktion_Stevede_Goxel_Stoxel-10.jpg\"\n               title=\"\"\n               data-src=\"http:\/\/www.messdiener-stevede-goxel.de\/wordpress\/wp-content\/gallery\/sternsingeraktion-2015\/20150103-Sternsingeraktion_Stevede_Goxel_Stoxel-10.jpg\"\n               data-thumbnail=\"http:\/\/www.messdiener-stevede-goxel.de\/wordpress\/wp-content\/gallery\/sternsingeraktion-2015\/thumbs\/thumbs_20150103-Sternsingeraktion_Stevede_Goxel_Stoxel-10.jpg\"\n               data-image-id=\"968\"\n               data-title=\"20150103-Sternsingeraktion_Stevede_Goxel_Stoxel-10\"\n               data-description=\"\"\n               data-image-slug=\"20150103-sternsingeraktion_stevede_goxel_stoxel-10\"\n               class=\"ngg-fancybox\" rel=\"10163d220044d5491ce5819c3947c340\">\n                <img\n                    title=\"20150103-Sternsingeraktion_Stevede_Goxel_Stoxel-10\"\n                    alt=\"20150103-Sternsingeraktion_Stevede_Goxel_Stoxel-10\"\n                    src=\"http:\/\/www.messdiener-stevede-goxel.de\/wordpress\/wp-content\/gallery\/sternsingeraktion-2015\/cache\/20150103-Sternsingeraktion_Stevede_Goxel_Stoxel-10-nggid03968-ngg0dyn-235x235x100-00f0w010c011r110f110r010t010.jpg\"\n                    width=\"235\"\n                    height=\"235\"\n                    style=\"max-width:100%;\"\n                \/>\n            <\/a>\n        <\/div>\n\t\t\t\t\t\t\t<\/div> \n\t\t\t\n                                    <br style=\"clear: both\" \/>\n                    \n\t\t\t\t<div id=\"ngg-image-8\" class=\"ngg-gallery-thumbnail-box\" >\n\t\t\t\t        <div class=\"ngg-gallery-thumbnail\">\n            <a href=\"http:\/\/www.messdiener-stevede-goxel.de\/wordpress\/wp-content\/gallery\/sternsingeraktion-2015\/20150103-Sternsingeraktion_Stevede_Goxel_Stoxel-5.jpg\"\n               title=\"\"\n               data-src=\"http:\/\/www.messdiener-stevede-goxel.de\/wordpress\/wp-content\/gallery\/sternsingeraktion-2015\/20150103-Sternsingeraktion_Stevede_Goxel_Stoxel-5.jpg\"\n               data-thumbnail=\"http:\/\/www.messdiener-stevede-goxel.de\/wordpress\/wp-content\/gallery\/sternsingeraktion-2015\/thumbs\/thumbs_20150103-Sternsingeraktion_Stevede_Goxel_Stoxel-5.jpg\"\n               data-image-id=\"969\"\n               data-title=\"20150103-Sternsingeraktion_Stevede_Goxel_Stoxel-5\"\n               data-description=\"\"\n               data-image-slug=\"20150103-sternsingeraktion_stevede_goxel_stoxel-5\"\n               class=\"ngg-fancybox\" rel=\"10163d220044d5491ce5819c3947c340\">\n                <img\n                    title=\"20150103-Sternsingeraktion_Stevede_Goxel_Stoxel-5\"\n                    alt=\"20150103-Sternsingeraktion_Stevede_Goxel_Stoxel-5\"\n                    src=\"http:\/\/www.messdiener-stevede-goxel.de\/wordpress\/wp-content\/gallery\/sternsingeraktion-2015\/cache\/20150103-Sternsingeraktion_Stevede_Goxel_Stoxel-5-nggid03969-ngg0dyn-235x235x100-00f0w010c011r110f110r010t010.jpg\"\n                    width=\"235\"\n                    height=\"235\"\n                    style=\"max-width:100%;\"\n                \/>\n            <\/a>\n        <\/div>\n\t\t\t\t\t\t\t<\/div> \n\t\t\t\n                            \n\t\t\t\t<div id=\"ngg-image-9\" class=\"ngg-gallery-thumbnail-box\" >\n\t\t\t\t        <div class=\"ngg-gallery-thumbnail\">\n            <a href=\"http:\/\/www.messdiener-stevede-goxel.de\/wordpress\/wp-content\/gallery\/sternsingeraktion-2015\/20150103-Sternsingeraktion_Stevede_Goxel_Stoxel-7.jpg\"\n               title=\"\"\n               data-src=\"http:\/\/www.messdiener-stevede-goxel.de\/wordpress\/wp-content\/gallery\/sternsingeraktion-2015\/20150103-Sternsingeraktion_Stevede_Goxel_Stoxel-7.jpg\"\n               data-thumbnail=\"http:\/\/www.messdiener-stevede-goxel.de\/wordpress\/wp-content\/gallery\/sternsingeraktion-2015\/thumbs\/thumbs_20150103-Sternsingeraktion_Stevede_Goxel_Stoxel-7.jpg\"\n               data-image-id=\"970\"\n               data-title=\"20150103-Sternsingeraktion_Stevede_Goxel_Stoxel-7\"\n               data-description=\"\"\n               data-image-slug=\"20150103-sternsingeraktion_stevede_goxel_stoxel-7\"\n               class=\"ngg-fancybox\" rel=\"10163d220044d5491ce5819c3947c340\">\n                <img\n                    title=\"20150103-Sternsingeraktion_Stevede_Goxel_Stoxel-7\"\n                    alt=\"20150103-Sternsingeraktion_Stevede_Goxel_Stoxel-7\"\n                    src=\"http:\/\/www.messdiener-stevede-goxel.de\/wordpress\/wp-content\/gallery\/sternsingeraktion-2015\/cache\/20150103-Sternsingeraktion_Stevede_Goxel_Stoxel-7-nggid03970-ngg0dyn-235x235x100-00f0w010c011r110f110r010t010.jpg\"\n                    width=\"235\"\n                    height=\"235\"\n                    style=\"max-width:100%;\"\n                \/>\n            <\/a>\n        <\/div>\n\t\t\t\t\t\t\t<\/div> \n\t\t\t\n                            \n\t\t\n\t\t<!-- Pagination -->\n\t<div class='ngg-clear'><\/div>\t<\/div>\n\n","protected":false},"excerpt":{"rendered":"<p>Rund 3700 \u20ac&#8230; &#8230; habt ihr Sternsinger f\u00fcr die Partnergemeinde in Ghana in diesem Jahr gesammelt. Vielen Dank daf\u00fcr! N\u00e4here Informationen \u00fcber unsere Partnergemeinde findet ihr hier.<\/p>\n","protected":false},"author":1,"featured_media":0,"parent":2416,"menu_order":0,"comment_status":"open","ping_status":"open","template":"","meta":{"ngg_post_thumbnail":0},"_links":{"self":[{"href":"http:\/\/www.messdiener-stevede-goxel.de\/wordpress\/wp-json\/wp\/v2\/pages\/2440"}],"collection":[{"href":"http:\/\/www.messdiener-stevede-goxel.de\/wordpress\/wp-json\/wp\/v2\/pages"}],"about":[{"href":"http:\/\/www.messdiener-stevede-goxel.de\/wordpress\/wp-json\/wp\/v2\/types\/page"}],"author":[{"embeddable":true,"href":"http:\/\/www.messdiener-stevede-goxel.de\/wordpress\/wp-json\/wp\/v2\/users\/1"}],"replies":[{"embeddable":true,"href":"http:\/\/www.messdiener-stevede-goxel.de\/wordpress\/wp-json\/wp\/v2\/comments?post=2440"}],"version-history":[{"count":2,"href":"http:\/\/www.messdiener-stevede-goxel.de\/wordpress\/wp-json\/wp\/v2\/pages\/2440\/revisions"}],"predecessor-version":[{"id":2450,"href":"http:\/\/www.messdiener-stevede-goxel.de\/wordpress\/wp-json\/wp\/v2\/pages\/2440\/revisions\/2450"}],"up":[{"embeddable":true,"href":"http:\/\/www.messdiener-stevede-goxel.de\/wordpress\/wp-json\/wp\/v2\/pages\/2416"}],"wp:attachment":[{"href":"http:\/\/www.messdiener-stevede-goxel.de\/wordpress\/wp-json\/wp\/v2\/media?parent=2440"}],"curies":[{"name":"wp","href":"https:\/\/api.w.org\/{rel}","templated":true}]}}