{"id":3301,"date":"2015-10-23T16:27:48","date_gmt":"2015-10-23T14:27:48","guid":{"rendered":"http:\/\/www.messdiener-stevede-goxel.de\/wordpress\/eislaufen\/"},"modified":"2015-10-23T16:39:41","modified_gmt":"2015-10-23T14:39:41","slug":"eislaufen","status":"publish","type":"page","link":"http:\/\/www.messdiener-stevede-goxel.de\/wordpress\/2015-2\/eislaufen\/","title":{"rendered":"Eislaufen"},"content":{"rendered":"<p>Am Anfang diesen Jahres sind wir Eislaufen gewesen. Auch wenn es ein bisschen kalt war hatten alle sehr viel Spa\u00df. Was wollt ihr n\u00e4chstes Jahr machen? Schreibt uns doch einfach eine Mail. Wir freuen uns sicher dar\u00fcber!<\/p>\n<p>Aber hier erstmal ein paar Bilder von diesem sch\u00f6nen Tag.<\/p>\n<!-- index.php -->\n<div\n\tclass=\"ngg-galleryoverview ngg-ajax-pagination-none\"\n\tid=\"ngg-gallery-4bffc52e34093c693e867c62c9f83c55-1\">\n\n    \t\t<!-- Thumbnails -->\n\t\t\t\t<div id=\"ngg-image-0\" class=\"ngg-gallery-thumbnail-box\" >\n\t\t\t\t        <div class=\"ngg-gallery-thumbnail\">\n            <a href=\"http:\/\/www.messdiener-stevede-goxel.de\/wordpress\/wp-content\/gallery\/eislaufen\/Eislaufen-1.jpg\"\n               title=\"\"\n               data-src=\"http:\/\/www.messdiener-stevede-goxel.de\/wordpress\/wp-content\/gallery\/eislaufen\/Eislaufen-1.jpg\"\n               data-thumbnail=\"http:\/\/www.messdiener-stevede-goxel.de\/wordpress\/wp-content\/gallery\/eislaufen\/thumbs\/thumbs_Eislaufen-1.jpg\"\n               data-image-id=\"1267\"\n               data-title=\"Eislaufen-1\"\n               data-description=\"\"\n               data-image-slug=\"eislaufen-1\"\n               class=\"ngg-fancybox\" rel=\"4bffc52e34093c693e867c62c9f83c55\">\n                <img\n                    title=\"Eislaufen-1\"\n                    alt=\"Eislaufen-1\"\n                    src=\"http:\/\/www.messdiener-stevede-goxel.de\/wordpress\/wp-content\/gallery\/eislaufen\/cache\/Eislaufen-1-nggid041267-ngg0dyn-235x235x100-00f0w010c011r110f110r010t010.jpg\"\n                    width=\"235\"\n                    height=\"235\"\n                    style=\"max-width:100%;\"\n                \/>\n            <\/a>\n        <\/div>\n\t\t\t\t\t\t\t<\/div> \n\t\t\t\n                            \n\t\t\t\t<div id=\"ngg-image-1\" class=\"ngg-gallery-thumbnail-box\" >\n\t\t\t\t        <div class=\"ngg-gallery-thumbnail\">\n            <a href=\"http:\/\/www.messdiener-stevede-goxel.de\/wordpress\/wp-content\/gallery\/eislaufen\/Eislaufen-2.jpg\"\n               title=\"\"\n               data-src=\"http:\/\/www.messdiener-stevede-goxel.de\/wordpress\/wp-content\/gallery\/eislaufen\/Eislaufen-2.jpg\"\n               data-thumbnail=\"http:\/\/www.messdiener-stevede-goxel.de\/wordpress\/wp-content\/gallery\/eislaufen\/thumbs\/thumbs_Eislaufen-2.jpg\"\n               data-image-id=\"1268\"\n               data-title=\"Eislaufen-2\"\n               data-description=\"\"\n               data-image-slug=\"eislaufen-2\"\n               class=\"ngg-fancybox\" rel=\"4bffc52e34093c693e867c62c9f83c55\">\n                <img\n                    title=\"Eislaufen-2\"\n                    alt=\"Eislaufen-2\"\n                    src=\"http:\/\/www.messdiener-stevede-goxel.de\/wordpress\/wp-content\/gallery\/eislaufen\/cache\/Eislaufen-2-nggid041268-ngg0dyn-235x235x100-00f0w010c011r110f110r010t010.jpg\"\n                    width=\"235\"\n                    height=\"235\"\n                    style=\"max-width:100%;\"\n                \/>\n            <\/a>\n        <\/div>\n\t\t\t\t\t\t\t<\/div> \n\t\t\t\n                            \n\t\t\t\t<div id=\"ngg-image-2\" class=\"ngg-gallery-thumbnail-box\" >\n\t\t\t\t        <div class=\"ngg-gallery-thumbnail\">\n            <a href=\"http:\/\/www.messdiener-stevede-goxel.de\/wordpress\/wp-content\/gallery\/eislaufen\/Eislaufen-3.jpg\"\n               title=\"\"\n               data-src=\"http:\/\/www.messdiener-stevede-goxel.de\/wordpress\/wp-content\/gallery\/eislaufen\/Eislaufen-3.jpg\"\n               data-thumbnail=\"http:\/\/www.messdiener-stevede-goxel.de\/wordpress\/wp-content\/gallery\/eislaufen\/thumbs\/thumbs_Eislaufen-3.jpg\"\n               data-image-id=\"1269\"\n               data-title=\"Eislaufen-3\"\n               data-description=\"\"\n               data-image-slug=\"eislaufen-3\"\n               class=\"ngg-fancybox\" rel=\"4bffc52e34093c693e867c62c9f83c55\">\n                <img\n                    title=\"Eislaufen-3\"\n                    alt=\"Eislaufen-3\"\n                    src=\"http:\/\/www.messdiener-stevede-goxel.de\/wordpress\/wp-content\/gallery\/eislaufen\/cache\/Eislaufen-3-nggid041269-ngg0dyn-235x235x100-00f0w010c011r110f110r010t010.jpg\"\n                    width=\"235\"\n                    height=\"235\"\n                    style=\"max-width:100%;\"\n                \/>\n            <\/a>\n        <\/div>\n\t\t\t\t\t\t\t<\/div> \n\t\t\t\n                            \n\t\t\t\t<div id=\"ngg-image-3\" class=\"ngg-gallery-thumbnail-box\" >\n\t\t\t\t        <div class=\"ngg-gallery-thumbnail\">\n            <a href=\"http:\/\/www.messdiener-stevede-goxel.de\/wordpress\/wp-content\/gallery\/eislaufen\/Eislaufen-4.jpg\"\n               title=\"\"\n               data-src=\"http:\/\/www.messdiener-stevede-goxel.de\/wordpress\/wp-content\/gallery\/eislaufen\/Eislaufen-4.jpg\"\n               data-thumbnail=\"http:\/\/www.messdiener-stevede-goxel.de\/wordpress\/wp-content\/gallery\/eislaufen\/thumbs\/thumbs_Eislaufen-4.jpg\"\n               data-image-id=\"1270\"\n               data-title=\"Eislaufen-4\"\n               data-description=\"\"\n               data-image-slug=\"eislaufen-4\"\n               class=\"ngg-fancybox\" rel=\"4bffc52e34093c693e867c62c9f83c55\">\n                <img\n                    title=\"Eislaufen-4\"\n                    alt=\"Eislaufen-4\"\n                    src=\"http:\/\/www.messdiener-stevede-goxel.de\/wordpress\/wp-content\/gallery\/eislaufen\/cache\/Eislaufen-4-nggid041270-ngg0dyn-235x235x100-00f0w010c011r110f110r010t010.jpg\"\n                    width=\"235\"\n                    height=\"235\"\n                    style=\"max-width:100%;\"\n                \/>\n            <\/a>\n        <\/div>\n\t\t\t\t\t\t\t<\/div> \n\t\t\t\n                                    <br style=\"clear: both\" \/>\n                    \n\t\t\t\t<div id=\"ngg-image-4\" class=\"ngg-gallery-thumbnail-box\" >\n\t\t\t\t        <div class=\"ngg-gallery-thumbnail\">\n            <a href=\"http:\/\/www.messdiener-stevede-goxel.de\/wordpress\/wp-content\/gallery\/eislaufen\/Eislaufen-5.jpg\"\n               title=\"\"\n               data-src=\"http:\/\/www.messdiener-stevede-goxel.de\/wordpress\/wp-content\/gallery\/eislaufen\/Eislaufen-5.jpg\"\n               data-thumbnail=\"http:\/\/www.messdiener-stevede-goxel.de\/wordpress\/wp-content\/gallery\/eislaufen\/thumbs\/thumbs_Eislaufen-5.jpg\"\n               data-image-id=\"1271\"\n               data-title=\"Eislaufen-5\"\n               data-description=\"\"\n               data-image-slug=\"eislaufen-5\"\n               class=\"ngg-fancybox\" rel=\"4bffc52e34093c693e867c62c9f83c55\">\n                <img\n                    title=\"Eislaufen-5\"\n                    alt=\"Eislaufen-5\"\n                    src=\"http:\/\/www.messdiener-stevede-goxel.de\/wordpress\/wp-content\/gallery\/eislaufen\/cache\/Eislaufen-5-nggid041271-ngg0dyn-235x235x100-00f0w010c011r110f110r010t010.jpg\"\n                    width=\"235\"\n                    height=\"235\"\n                    style=\"max-width:100%;\"\n                \/>\n            <\/a>\n        <\/div>\n\t\t\t\t\t\t\t<\/div> \n\t\t\t\n                            \n\t\t\t\t<div id=\"ngg-image-5\" class=\"ngg-gallery-thumbnail-box\" >\n\t\t\t\t        <div class=\"ngg-gallery-thumbnail\">\n            <a href=\"http:\/\/www.messdiener-stevede-goxel.de\/wordpress\/wp-content\/gallery\/eislaufen\/Eislaufen-6.jpg\"\n               title=\"\"\n               data-src=\"http:\/\/www.messdiener-stevede-goxel.de\/wordpress\/wp-content\/gallery\/eislaufen\/Eislaufen-6.jpg\"\n               data-thumbnail=\"http:\/\/www.messdiener-stevede-goxel.de\/wordpress\/wp-content\/gallery\/eislaufen\/thumbs\/thumbs_Eislaufen-6.jpg\"\n               data-image-id=\"1272\"\n               data-title=\"Eislaufen-6\"\n               data-description=\"\"\n               data-image-slug=\"eislaufen-6\"\n               class=\"ngg-fancybox\" rel=\"4bffc52e34093c693e867c62c9f83c55\">\n                <img\n                    title=\"Eislaufen-6\"\n                    alt=\"Eislaufen-6\"\n                    src=\"http:\/\/www.messdiener-stevede-goxel.de\/wordpress\/wp-content\/gallery\/eislaufen\/cache\/Eislaufen-6-nggid041272-ngg0dyn-235x235x100-00f0w010c011r110f110r010t010.jpg\"\n                    width=\"235\"\n                    height=\"235\"\n                    style=\"max-width:100%;\"\n                \/>\n            <\/a>\n        <\/div>\n\t\t\t\t\t\t\t<\/div> \n\t\t\t\n                            \n\t\t\t\t<div id=\"ngg-image-6\" class=\"ngg-gallery-thumbnail-box\" >\n\t\t\t\t        <div class=\"ngg-gallery-thumbnail\">\n            <a href=\"http:\/\/www.messdiener-stevede-goxel.de\/wordpress\/wp-content\/gallery\/eislaufen\/Eislaufen-7.jpg\"\n               title=\"\"\n               data-src=\"http:\/\/www.messdiener-stevede-goxel.de\/wordpress\/wp-content\/gallery\/eislaufen\/Eislaufen-7.jpg\"\n               data-thumbnail=\"http:\/\/www.messdiener-stevede-goxel.de\/wordpress\/wp-content\/gallery\/eislaufen\/thumbs\/thumbs_Eislaufen-7.jpg\"\n               data-image-id=\"1273\"\n               data-title=\"Eislaufen-7\"\n               data-description=\"\"\n               data-image-slug=\"eislaufen-7\"\n               class=\"ngg-fancybox\" rel=\"4bffc52e34093c693e867c62c9f83c55\">\n                <img\n                    title=\"Eislaufen-7\"\n                    alt=\"Eislaufen-7\"\n                    src=\"http:\/\/www.messdiener-stevede-goxel.de\/wordpress\/wp-content\/gallery\/eislaufen\/cache\/Eislaufen-7-nggid041273-ngg0dyn-235x235x100-00f0w010c011r110f110r010t010.jpg\"\n                    width=\"235\"\n                    height=\"235\"\n                    style=\"max-width:100%;\"\n                \/>\n            <\/a>\n        <\/div>\n\t\t\t\t\t\t\t<\/div> \n\t\t\t\n                            \n\t\t\t\t<div id=\"ngg-image-7\" class=\"ngg-gallery-thumbnail-box\" >\n\t\t\t\t        <div class=\"ngg-gallery-thumbnail\">\n            <a href=\"http:\/\/www.messdiener-stevede-goxel.de\/wordpress\/wp-content\/gallery\/eislaufen\/Eislaufen-8.jpg\"\n               title=\"\"\n               data-src=\"http:\/\/www.messdiener-stevede-goxel.de\/wordpress\/wp-content\/gallery\/eislaufen\/Eislaufen-8.jpg\"\n               data-thumbnail=\"http:\/\/www.messdiener-stevede-goxel.de\/wordpress\/wp-content\/gallery\/eislaufen\/thumbs\/thumbs_Eislaufen-8.jpg\"\n               data-image-id=\"1274\"\n               data-title=\"Eislaufen-8\"\n               data-description=\"\"\n               data-image-slug=\"eislaufen-8\"\n               class=\"ngg-fancybox\" rel=\"4bffc52e34093c693e867c62c9f83c55\">\n                <img\n                    title=\"Eislaufen-8\"\n                    alt=\"Eislaufen-8\"\n                    src=\"http:\/\/www.messdiener-stevede-goxel.de\/wordpress\/wp-content\/gallery\/eislaufen\/cache\/Eislaufen-8-nggid041274-ngg0dyn-235x235x100-00f0w010c011r110f110r010t010.jpg\"\n                    width=\"235\"\n                    height=\"235\"\n                    style=\"max-width:100%;\"\n                \/>\n            <\/a>\n        <\/div>\n\t\t\t\t\t\t\t<\/div> \n\t\t\t\n                                    <br style=\"clear: both\" \/>\n                    \n\t\t\t\t<div id=\"ngg-image-8\" class=\"ngg-gallery-thumbnail-box\" >\n\t\t\t\t        <div class=\"ngg-gallery-thumbnail\">\n            <a href=\"http:\/\/www.messdiener-stevede-goxel.de\/wordpress\/wp-content\/gallery\/eislaufen\/Eislaufen-9.jpg\"\n               title=\"\"\n               data-src=\"http:\/\/www.messdiener-stevede-goxel.de\/wordpress\/wp-content\/gallery\/eislaufen\/Eislaufen-9.jpg\"\n               data-thumbnail=\"http:\/\/www.messdiener-stevede-goxel.de\/wordpress\/wp-content\/gallery\/eislaufen\/thumbs\/thumbs_Eislaufen-9.jpg\"\n               data-image-id=\"1275\"\n               data-title=\"Eislaufen-9\"\n               data-description=\"\"\n               data-image-slug=\"eislaufen-9\"\n               class=\"ngg-fancybox\" rel=\"4bffc52e34093c693e867c62c9f83c55\">\n                <img\n                    title=\"Eislaufen-9\"\n                    alt=\"Eislaufen-9\"\n                    src=\"http:\/\/www.messdiener-stevede-goxel.de\/wordpress\/wp-content\/gallery\/eislaufen\/cache\/Eislaufen-9-nggid041275-ngg0dyn-235x235x100-00f0w010c011r110f110r010t010.jpg\"\n                    width=\"235\"\n                    height=\"235\"\n                    style=\"max-width:100%;\"\n                \/>\n            <\/a>\n        <\/div>\n\t\t\t\t\t\t\t<\/div> \n\t\t\t\n                            \n\t\t\t\t<div id=\"ngg-image-9\" class=\"ngg-gallery-thumbnail-box\" >\n\t\t\t\t        <div class=\"ngg-gallery-thumbnail\">\n            <a href=\"http:\/\/www.messdiener-stevede-goxel.de\/wordpress\/wp-content\/gallery\/eislaufen\/Eislaufen-10.jpg\"\n               title=\"\"\n               data-src=\"http:\/\/www.messdiener-stevede-goxel.de\/wordpress\/wp-content\/gallery\/eislaufen\/Eislaufen-10.jpg\"\n               data-thumbnail=\"http:\/\/www.messdiener-stevede-goxel.de\/wordpress\/wp-content\/gallery\/eislaufen\/thumbs\/thumbs_Eislaufen-10.jpg\"\n               data-image-id=\"1276\"\n               data-title=\"Eislaufen-10\"\n               data-description=\"\"\n               data-image-slug=\"eislaufen-10\"\n               class=\"ngg-fancybox\" rel=\"4bffc52e34093c693e867c62c9f83c55\">\n                <img\n                    title=\"Eislaufen-10\"\n                    alt=\"Eislaufen-10\"\n                    src=\"http:\/\/www.messdiener-stevede-goxel.de\/wordpress\/wp-content\/gallery\/eislaufen\/cache\/Eislaufen-10-nggid041276-ngg0dyn-235x235x100-00f0w010c011r110f110r010t010.jpg\"\n                    width=\"235\"\n                    height=\"235\"\n                    style=\"max-width:100%;\"\n                \/>\n            <\/a>\n        <\/div>\n\t\t\t\t\t\t\t<\/div> \n\t\t\t\n                            \n\t\t\t\t<div id=\"ngg-image-10\" class=\"ngg-gallery-thumbnail-box\" >\n\t\t\t\t        <div class=\"ngg-gallery-thumbnail\">\n            <a href=\"http:\/\/www.messdiener-stevede-goxel.de\/wordpress\/wp-content\/gallery\/eislaufen\/Eislaufen-11.jpg\"\n               title=\"\"\n               data-src=\"http:\/\/www.messdiener-stevede-goxel.de\/wordpress\/wp-content\/gallery\/eislaufen\/Eislaufen-11.jpg\"\n               data-thumbnail=\"http:\/\/www.messdiener-stevede-goxel.de\/wordpress\/wp-content\/gallery\/eislaufen\/thumbs\/thumbs_Eislaufen-11.jpg\"\n               data-image-id=\"1277\"\n               data-title=\"Eislaufen-11\"\n               data-description=\"\"\n               data-image-slug=\"eislaufen-11\"\n               class=\"ngg-fancybox\" rel=\"4bffc52e34093c693e867c62c9f83c55\">\n                <img\n                    title=\"Eislaufen-11\"\n                    alt=\"Eislaufen-11\"\n                    src=\"http:\/\/www.messdiener-stevede-goxel.de\/wordpress\/wp-content\/gallery\/eislaufen\/cache\/Eislaufen-11-nggid041277-ngg0dyn-235x235x100-00f0w010c011r110f110r010t010.jpg\"\n                    width=\"235\"\n                    height=\"235\"\n                    style=\"max-width:100%;\"\n                \/>\n            <\/a>\n        <\/div>\n\t\t\t\t\t\t\t<\/div> \n\t\t\t\n                            \n\t\t\t\t<div id=\"ngg-image-11\" class=\"ngg-gallery-thumbnail-box\" >\n\t\t\t\t        <div class=\"ngg-gallery-thumbnail\">\n            <a href=\"http:\/\/www.messdiener-stevede-goxel.de\/wordpress\/wp-content\/gallery\/eislaufen\/Eislaufen-12.jpg\"\n               title=\"\"\n               data-src=\"http:\/\/www.messdiener-stevede-goxel.de\/wordpress\/wp-content\/gallery\/eislaufen\/Eislaufen-12.jpg\"\n               data-thumbnail=\"http:\/\/www.messdiener-stevede-goxel.de\/wordpress\/wp-content\/gallery\/eislaufen\/thumbs\/thumbs_Eislaufen-12.jpg\"\n               data-image-id=\"1278\"\n               data-title=\"Eislaufen-12\"\n               data-description=\"\"\n               data-image-slug=\"eislaufen-12\"\n               class=\"ngg-fancybox\" rel=\"4bffc52e34093c693e867c62c9f83c55\">\n                <img\n                    title=\"Eislaufen-12\"\n                    alt=\"Eislaufen-12\"\n                    src=\"http:\/\/www.messdiener-stevede-goxel.de\/wordpress\/wp-content\/gallery\/eislaufen\/cache\/Eislaufen-12-nggid041278-ngg0dyn-235x235x100-00f0w010c011r110f110r010t010.jpg\"\n                    width=\"235\"\n                    height=\"235\"\n                    style=\"max-width:100%;\"\n                \/>\n            <\/a>\n        <\/div>\n\t\t\t\t\t\t\t<\/div> \n\t\t\t\n                                    <br style=\"clear: both\" \/>\n                    \n\t\t\t\t<div id=\"ngg-image-12\" class=\"ngg-gallery-thumbnail-box\" >\n\t\t\t\t        <div class=\"ngg-gallery-thumbnail\">\n            <a href=\"http:\/\/www.messdiener-stevede-goxel.de\/wordpress\/wp-content\/gallery\/eislaufen\/Eislaufen-13.jpg\"\n               title=\"\"\n               data-src=\"http:\/\/www.messdiener-stevede-goxel.de\/wordpress\/wp-content\/gallery\/eislaufen\/Eislaufen-13.jpg\"\n               data-thumbnail=\"http:\/\/www.messdiener-stevede-goxel.de\/wordpress\/wp-content\/gallery\/eislaufen\/thumbs\/thumbs_Eislaufen-13.jpg\"\n               data-image-id=\"1279\"\n               data-title=\"Eislaufen-13\"\n               data-description=\"\"\n               data-image-slug=\"eislaufen-13\"\n               class=\"ngg-fancybox\" rel=\"4bffc52e34093c693e867c62c9f83c55\">\n                <img\n                    title=\"Eislaufen-13\"\n                    alt=\"Eislaufen-13\"\n                    src=\"http:\/\/www.messdiener-stevede-goxel.de\/wordpress\/wp-content\/gallery\/eislaufen\/cache\/Eislaufen-13-nggid041279-ngg0dyn-235x235x100-00f0w010c011r110f110r010t010.jpg\"\n                    width=\"235\"\n                    height=\"235\"\n                    style=\"max-width:100%;\"\n                \/>\n            <\/a>\n        <\/div>\n\t\t\t\t\t\t\t<\/div> \n\t\t\t\n                            \n\t\t\n\t\t<!-- Pagination -->\n\t<div class='ngg-clear'><\/div>\t<\/div>\n\n","protected":false},"excerpt":{"rendered":"<p>Am Anfang diesen Jahres sind wir Eislaufen gewesen. Auch wenn es ein bisschen kalt war hatten alle sehr viel Spa\u00df. Was wollt ihr n\u00e4chstes Jahr machen? Schreibt uns doch einfach eine Mail. Wir freuen uns sicher dar\u00fcber! Aber hier erstmal ein paar Bilder von diesem sch\u00f6nen Tag.<\/p>\n","protected":false},"author":1,"featured_media":0,"parent":2416,"menu_order":0,"comment_status":"open","ping_status":"open","template":"","meta":{"ngg_post_thumbnail":0},"_links":{"self":[{"href":"http:\/\/www.messdiener-stevede-goxel.de\/wordpress\/wp-json\/wp\/v2\/pages\/3301"}],"collection":[{"href":"http:\/\/www.messdiener-stevede-goxel.de\/wordpress\/wp-json\/wp\/v2\/pages"}],"about":[{"href":"http:\/\/www.messdiener-stevede-goxel.de\/wordpress\/wp-json\/wp\/v2\/types\/page"}],"author":[{"embeddable":true,"href":"http:\/\/www.messdiener-stevede-goxel.de\/wordpress\/wp-json\/wp\/v2\/users\/1"}],"replies":[{"embeddable":true,"href":"http:\/\/www.messdiener-stevede-goxel.de\/wordpress\/wp-json\/wp\/v2\/comments?post=3301"}],"version-history":[{"count":1,"href":"http:\/\/www.messdiener-stevede-goxel.de\/wordpress\/wp-json\/wp\/v2\/pages\/3301\/revisions"}],"predecessor-version":[{"id":3302,"href":"http:\/\/www.messdiener-stevede-goxel.de\/wordpress\/wp-json\/wp\/v2\/pages\/3301\/revisions\/3302"}],"up":[{"embeddable":true,"href":"http:\/\/www.messdiener-stevede-goxel.de\/wordpress\/wp-json\/wp\/v2\/pages\/2416"}],"wp:attachment":[{"href":"http:\/\/www.messdiener-stevede-goxel.de\/wordpress\/wp-json\/wp\/v2\/media?parent=3301"}],"curies":[{"name":"wp","href":"https:\/\/api.w.org\/{rel}","templated":true}]}}