{"id":3358,"date":"2015-10-27T11:08:33","date_gmt":"2015-10-27T09:08:33","guid":{"rendered":"http:\/\/www.messdiener-stevede-goxel.de\/wordpress\/?page_id=3358"},"modified":"2015-11-22T21:02:10","modified_gmt":"2015-11-22T19:02:10","slug":"herbstaktion-schwimmen","status":"publish","type":"page","link":"http:\/\/www.messdiener-stevede-goxel.de\/wordpress\/2015-2\/herbstaktion-schwimmen\/","title":{"rendered":"Herbstaktion: Schwimmen"},"content":{"rendered":"<p>Wir sind ins Aquadrome nach Enschede gefahren.<\/p>\n<p>Morgens ging es mit dem Bus und 39 Kindern aus ganz Coesfeld los. Nat\u00fcrlich war das Highlight die Wildwasser Rutsche auf der einige fast den ganzen Tag verbracht haben. Ansonsten war aber auch das Wellenbad und die schnellen Rutschen sehr beliebt. Wenn wieder zu viel \u00fcbersch\u00fcssige Energie vorhanden war, wurden aber auch gerne mal die Leiter ge\u00e4rgert oder sogar ged\u00f6ppt.<\/p>\n<p>Insgesamt war es f\u00fcr uns alle ein sehr lustiger aber auch anstrengender Tag. Wir hoffen, euch hat es genauso gefallen und vielleicht sehen wir ja den ein oder anderen in unserem Ferienlager wieder.<\/p>\n<p>Wir w\u00fcrden auch alle gerne mitnehmen!<\/p>\n<p><!-- index.php -->\n<div\n\tclass=\"ngg-galleryoverview ngg-ajax-pagination-none\"\n\tid=\"ngg-gallery-3411-1\">\n\n    \t\t<!-- Thumbnails -->\n\t\t\t\t<div id=\"ngg-image-0\" class=\"ngg-gallery-thumbnail-box\" >\n\t\t\t\t        <div class=\"ngg-gallery-thumbnail\">\n            <a href=\"http:\/\/www.messdiener-stevede-goxel.de\/wordpress\/wp-content\/gallery\/herbstaktion-2015\/Schwimmen-1.jpg\"\n               title=\"\"\n               data-src=\"http:\/\/www.messdiener-stevede-goxel.de\/wordpress\/wp-content\/gallery\/herbstaktion-2015\/Schwimmen-1.jpg\"\n               data-thumbnail=\"http:\/\/www.messdiener-stevede-goxel.de\/wordpress\/wp-content\/gallery\/herbstaktion-2015\/thumbs\/thumbs_Schwimmen-1.jpg\"\n               data-image-id=\"1303\"\n               data-title=\"Schwimmen-1\"\n               data-description=\"\"\n               data-image-slug=\"schwimmen-1\"\n               class=\"ngg-fancybox\" rel=\"3411\">\n                <img\n                    title=\"Schwimmen-1\"\n                    alt=\"Schwimmen-1\"\n                    src=\"http:\/\/www.messdiener-stevede-goxel.de\/wordpress\/wp-content\/gallery\/herbstaktion-2015\/cache\/Schwimmen-1-nggid041303-ngg0dyn-235x235x100-00f0w010c011r110f110r010t010.jpg\"\n                    width=\"235\"\n                    height=\"235\"\n                    style=\"max-width:100%;\"\n                \/>\n            <\/a>\n        <\/div>\n\t\t\t\t\t\t\t<\/div> \n\t\t\t\n                            \n\t\t\t\t<div id=\"ngg-image-1\" class=\"ngg-gallery-thumbnail-box\" >\n\t\t\t\t        <div class=\"ngg-gallery-thumbnail\">\n            <a href=\"http:\/\/www.messdiener-stevede-goxel.de\/wordpress\/wp-content\/gallery\/herbstaktion-2015\/Schwimmen-2.jpg\"\n               title=\"\"\n               data-src=\"http:\/\/www.messdiener-stevede-goxel.de\/wordpress\/wp-content\/gallery\/herbstaktion-2015\/Schwimmen-2.jpg\"\n               data-thumbnail=\"http:\/\/www.messdiener-stevede-goxel.de\/wordpress\/wp-content\/gallery\/herbstaktion-2015\/thumbs\/thumbs_Schwimmen-2.jpg\"\n               data-image-id=\"1304\"\n               data-title=\"Schwimmen-2\"\n               data-description=\"\"\n               data-image-slug=\"schwimmen-2\"\n               class=\"ngg-fancybox\" rel=\"3411\">\n                <img\n                    title=\"Schwimmen-2\"\n                    alt=\"Schwimmen-2\"\n                    src=\"http:\/\/www.messdiener-stevede-goxel.de\/wordpress\/wp-content\/gallery\/herbstaktion-2015\/cache\/Schwimmen-2-nggid041304-ngg0dyn-235x235x100-00f0w010c011r110f110r010t010.jpg\"\n                    width=\"235\"\n                    height=\"235\"\n                    style=\"max-width:100%;\"\n                \/>\n            <\/a>\n        <\/div>\n\t\t\t\t\t\t\t<\/div> \n\t\t\t\n                            \n\t\t\t\t<div id=\"ngg-image-2\" class=\"ngg-gallery-thumbnail-box\" >\n\t\t\t\t        <div class=\"ngg-gallery-thumbnail\">\n            <a href=\"http:\/\/www.messdiener-stevede-goxel.de\/wordpress\/wp-content\/gallery\/herbstaktion-2015\/Schwimmen-3.jpg\"\n               title=\"\"\n               data-src=\"http:\/\/www.messdiener-stevede-goxel.de\/wordpress\/wp-content\/gallery\/herbstaktion-2015\/Schwimmen-3.jpg\"\n               data-thumbnail=\"http:\/\/www.messdiener-stevede-goxel.de\/wordpress\/wp-content\/gallery\/herbstaktion-2015\/thumbs\/thumbs_Schwimmen-3.jpg\"\n               data-image-id=\"1305\"\n               data-title=\"Schwimmen-3\"\n               data-description=\"\"\n               data-image-slug=\"schwimmen-3\"\n               class=\"ngg-fancybox\" rel=\"3411\">\n                <img\n                    title=\"Schwimmen-3\"\n                    alt=\"Schwimmen-3\"\n                    src=\"http:\/\/www.messdiener-stevede-goxel.de\/wordpress\/wp-content\/gallery\/herbstaktion-2015\/cache\/Schwimmen-3-nggid041305-ngg0dyn-235x235x100-00f0w010c011r110f110r010t010.jpg\"\n                    width=\"235\"\n                    height=\"235\"\n                    style=\"max-width:100%;\"\n                \/>\n            <\/a>\n        <\/div>\n\t\t\t\t\t\t\t<\/div> \n\t\t\t\n                            \n\t\t\t\t<div id=\"ngg-image-3\" class=\"ngg-gallery-thumbnail-box\" >\n\t\t\t\t        <div class=\"ngg-gallery-thumbnail\">\n            <a href=\"http:\/\/www.messdiener-stevede-goxel.de\/wordpress\/wp-content\/gallery\/herbstaktion-2015\/Schwimmen-4.jpg\"\n               title=\"\"\n               data-src=\"http:\/\/www.messdiener-stevede-goxel.de\/wordpress\/wp-content\/gallery\/herbstaktion-2015\/Schwimmen-4.jpg\"\n               data-thumbnail=\"http:\/\/www.messdiener-stevede-goxel.de\/wordpress\/wp-content\/gallery\/herbstaktion-2015\/thumbs\/thumbs_Schwimmen-4.jpg\"\n               data-image-id=\"1306\"\n               data-title=\"Schwimmen-4\"\n               data-description=\"\"\n               data-image-slug=\"schwimmen-4\"\n               class=\"ngg-fancybox\" rel=\"3411\">\n                <img\n                    title=\"Schwimmen-4\"\n                    alt=\"Schwimmen-4\"\n                    src=\"http:\/\/www.messdiener-stevede-goxel.de\/wordpress\/wp-content\/gallery\/herbstaktion-2015\/cache\/Schwimmen-4-nggid041306-ngg0dyn-235x235x100-00f0w010c011r110f110r010t010.jpg\"\n                    width=\"235\"\n                    height=\"235\"\n                    style=\"max-width:100%;\"\n                \/>\n            <\/a>\n        <\/div>\n\t\t\t\t\t\t\t<\/div> \n\t\t\t\n                                    <br style=\"clear: both\" \/>\n                    \n\t\t\t\t<div id=\"ngg-image-4\" class=\"ngg-gallery-thumbnail-box\" >\n\t\t\t\t        <div class=\"ngg-gallery-thumbnail\">\n            <a href=\"http:\/\/www.messdiener-stevede-goxel.de\/wordpress\/wp-content\/gallery\/herbstaktion-2015\/Schwimmen-5.jpg\"\n               title=\"\"\n               data-src=\"http:\/\/www.messdiener-stevede-goxel.de\/wordpress\/wp-content\/gallery\/herbstaktion-2015\/Schwimmen-5.jpg\"\n               data-thumbnail=\"http:\/\/www.messdiener-stevede-goxel.de\/wordpress\/wp-content\/gallery\/herbstaktion-2015\/thumbs\/thumbs_Schwimmen-5.jpg\"\n               data-image-id=\"1307\"\n               data-title=\"Schwimmen-5\"\n               data-description=\"\"\n               data-image-slug=\"schwimmen-5\"\n               class=\"ngg-fancybox\" rel=\"3411\">\n                <img\n                    title=\"Schwimmen-5\"\n                    alt=\"Schwimmen-5\"\n                    src=\"http:\/\/www.messdiener-stevede-goxel.de\/wordpress\/wp-content\/gallery\/herbstaktion-2015\/cache\/Schwimmen-5-nggid041307-ngg0dyn-235x235x100-00f0w010c011r110f110r010t010.jpg\"\n                    width=\"235\"\n                    height=\"235\"\n                    style=\"max-width:100%;\"\n                \/>\n            <\/a>\n        <\/div>\n\t\t\t\t\t\t\t<\/div> \n\t\t\t\n                            \n\t\t\t\t<div id=\"ngg-image-5\" class=\"ngg-gallery-thumbnail-box\" >\n\t\t\t\t        <div class=\"ngg-gallery-thumbnail\">\n            <a href=\"http:\/\/www.messdiener-stevede-goxel.de\/wordpress\/wp-content\/gallery\/herbstaktion-2015\/Schwimmen-6.jpg\"\n               title=\"\"\n               data-src=\"http:\/\/www.messdiener-stevede-goxel.de\/wordpress\/wp-content\/gallery\/herbstaktion-2015\/Schwimmen-6.jpg\"\n               data-thumbnail=\"http:\/\/www.messdiener-stevede-goxel.de\/wordpress\/wp-content\/gallery\/herbstaktion-2015\/thumbs\/thumbs_Schwimmen-6.jpg\"\n               data-image-id=\"1308\"\n               data-title=\"Schwimmen-6\"\n               data-description=\"\"\n               data-image-slug=\"schwimmen-6\"\n               class=\"ngg-fancybox\" rel=\"3411\">\n                <img\n                    title=\"Schwimmen-6\"\n                    alt=\"Schwimmen-6\"\n                    src=\"http:\/\/www.messdiener-stevede-goxel.de\/wordpress\/wp-content\/gallery\/herbstaktion-2015\/cache\/Schwimmen-6-nggid041308-ngg0dyn-235x235x100-00f0w010c011r110f110r010t010.jpg\"\n                    width=\"235\"\n                    height=\"235\"\n                    style=\"max-width:100%;\"\n                \/>\n            <\/a>\n        <\/div>\n\t\t\t\t\t\t\t<\/div> \n\t\t\t\n                            \n\t\t\t\t<div id=\"ngg-image-6\" class=\"ngg-gallery-thumbnail-box\" >\n\t\t\t\t        <div class=\"ngg-gallery-thumbnail\">\n            <a href=\"http:\/\/www.messdiener-stevede-goxel.de\/wordpress\/wp-content\/gallery\/herbstaktion-2015\/Schwimmen-7.jpg\"\n               title=\"\"\n               data-src=\"http:\/\/www.messdiener-stevede-goxel.de\/wordpress\/wp-content\/gallery\/herbstaktion-2015\/Schwimmen-7.jpg\"\n               data-thumbnail=\"http:\/\/www.messdiener-stevede-goxel.de\/wordpress\/wp-content\/gallery\/herbstaktion-2015\/thumbs\/thumbs_Schwimmen-7.jpg\"\n               data-image-id=\"1309\"\n               data-title=\"Schwimmen-7\"\n               data-description=\"\"\n               data-image-slug=\"schwimmen-7\"\n               class=\"ngg-fancybox\" rel=\"3411\">\n                <img\n                    title=\"Schwimmen-7\"\n                    alt=\"Schwimmen-7\"\n                    src=\"http:\/\/www.messdiener-stevede-goxel.de\/wordpress\/wp-content\/gallery\/herbstaktion-2015\/cache\/Schwimmen-7-nggid041309-ngg0dyn-235x235x100-00f0w010c011r110f110r010t010.jpg\"\n                    width=\"235\"\n                    height=\"235\"\n                    style=\"max-width:100%;\"\n                \/>\n            <\/a>\n        <\/div>\n\t\t\t\t\t\t\t<\/div> \n\t\t\t\n                            \n\t\t\t\t<div id=\"ngg-image-7\" class=\"ngg-gallery-thumbnail-box\" >\n\t\t\t\t        <div class=\"ngg-gallery-thumbnail\">\n            <a href=\"http:\/\/www.messdiener-stevede-goxel.de\/wordpress\/wp-content\/gallery\/herbstaktion-2015\/Schwimmen-8.jpg\"\n               title=\"\"\n               data-src=\"http:\/\/www.messdiener-stevede-goxel.de\/wordpress\/wp-content\/gallery\/herbstaktion-2015\/Schwimmen-8.jpg\"\n               data-thumbnail=\"http:\/\/www.messdiener-stevede-goxel.de\/wordpress\/wp-content\/gallery\/herbstaktion-2015\/thumbs\/thumbs_Schwimmen-8.jpg\"\n               data-image-id=\"1310\"\n               data-title=\"Schwimmen-8\"\n               data-description=\"\"\n               data-image-slug=\"schwimmen-8\"\n               class=\"ngg-fancybox\" rel=\"3411\">\n                <img\n                    title=\"Schwimmen-8\"\n                    alt=\"Schwimmen-8\"\n                    src=\"http:\/\/www.messdiener-stevede-goxel.de\/wordpress\/wp-content\/gallery\/herbstaktion-2015\/cache\/Schwimmen-8-nggid041310-ngg0dyn-235x235x100-00f0w010c011r110f110r010t010.jpg\"\n                    width=\"235\"\n                    height=\"235\"\n                    style=\"max-width:100%;\"\n                \/>\n            <\/a>\n        <\/div>\n\t\t\t\t\t\t\t<\/div> \n\t\t\t\n                                    <br style=\"clear: both\" \/>\n                    \n\t\t\t\t<div id=\"ngg-image-8\" class=\"ngg-gallery-thumbnail-box\" >\n\t\t\t\t        <div class=\"ngg-gallery-thumbnail\">\n            <a href=\"http:\/\/www.messdiener-stevede-goxel.de\/wordpress\/wp-content\/gallery\/herbstaktion-2015\/Schwimmen-9.jpg\"\n               title=\"\"\n               data-src=\"http:\/\/www.messdiener-stevede-goxel.de\/wordpress\/wp-content\/gallery\/herbstaktion-2015\/Schwimmen-9.jpg\"\n               data-thumbnail=\"http:\/\/www.messdiener-stevede-goxel.de\/wordpress\/wp-content\/gallery\/herbstaktion-2015\/thumbs\/thumbs_Schwimmen-9.jpg\"\n               data-image-id=\"1311\"\n               data-title=\"Schwimmen-9\"\n               data-description=\"\"\n               data-image-slug=\"schwimmen-9\"\n               class=\"ngg-fancybox\" rel=\"3411\">\n                <img\n                    title=\"Schwimmen-9\"\n                    alt=\"Schwimmen-9\"\n                    src=\"http:\/\/www.messdiener-stevede-goxel.de\/wordpress\/wp-content\/gallery\/herbstaktion-2015\/cache\/Schwimmen-9-nggid041311-ngg0dyn-235x235x100-00f0w010c011r110f110r010t010.jpg\"\n                    width=\"235\"\n                    height=\"235\"\n                    style=\"max-width:100%;\"\n                \/>\n            <\/a>\n        <\/div>\n\t\t\t\t\t\t\t<\/div> \n\t\t\t\n                            \n\t\t\t\t<div id=\"ngg-image-9\" class=\"ngg-gallery-thumbnail-box\" >\n\t\t\t\t        <div class=\"ngg-gallery-thumbnail\">\n            <a href=\"http:\/\/www.messdiener-stevede-goxel.de\/wordpress\/wp-content\/gallery\/herbstaktion-2015\/Schwimmen-10.jpg\"\n               title=\"\"\n               data-src=\"http:\/\/www.messdiener-stevede-goxel.de\/wordpress\/wp-content\/gallery\/herbstaktion-2015\/Schwimmen-10.jpg\"\n               data-thumbnail=\"http:\/\/www.messdiener-stevede-goxel.de\/wordpress\/wp-content\/gallery\/herbstaktion-2015\/thumbs\/thumbs_Schwimmen-10.jpg\"\n               data-image-id=\"1312\"\n               data-title=\"Schwimmen-10\"\n               data-description=\"\"\n               data-image-slug=\"schwimmen-10\"\n               class=\"ngg-fancybox\" rel=\"3411\">\n                <img\n                    title=\"Schwimmen-10\"\n                    alt=\"Schwimmen-10\"\n                    src=\"http:\/\/www.messdiener-stevede-goxel.de\/wordpress\/wp-content\/gallery\/herbstaktion-2015\/cache\/Schwimmen-10-nggid041312-ngg0dyn-235x235x100-00f0w010c011r110f110r010t010.jpg\"\n                    width=\"235\"\n                    height=\"235\"\n                    style=\"max-width:100%;\"\n                \/>\n            <\/a>\n        <\/div>\n\t\t\t\t\t\t\t<\/div> \n\t\t\t\n                            \n\t\t\t\t<div id=\"ngg-image-10\" class=\"ngg-gallery-thumbnail-box\" >\n\t\t\t\t        <div class=\"ngg-gallery-thumbnail\">\n            <a href=\"http:\/\/www.messdiener-stevede-goxel.de\/wordpress\/wp-content\/gallery\/herbstaktion-2015\/Schwimmen-11.jpg\"\n               title=\"\"\n               data-src=\"http:\/\/www.messdiener-stevede-goxel.de\/wordpress\/wp-content\/gallery\/herbstaktion-2015\/Schwimmen-11.jpg\"\n               data-thumbnail=\"http:\/\/www.messdiener-stevede-goxel.de\/wordpress\/wp-content\/gallery\/herbstaktion-2015\/thumbs\/thumbs_Schwimmen-11.jpg\"\n               data-image-id=\"1313\"\n               data-title=\"Schwimmen-11\"\n               data-description=\"\"\n               data-image-slug=\"schwimmen-11\"\n               class=\"ngg-fancybox\" rel=\"3411\">\n                <img\n                    title=\"Schwimmen-11\"\n                    alt=\"Schwimmen-11\"\n                    src=\"http:\/\/www.messdiener-stevede-goxel.de\/wordpress\/wp-content\/gallery\/herbstaktion-2015\/cache\/Schwimmen-11-nggid041313-ngg0dyn-235x235x100-00f0w010c011r110f110r010t010.jpg\"\n                    width=\"235\"\n                    height=\"235\"\n                    style=\"max-width:100%;\"\n                \/>\n            <\/a>\n        <\/div>\n\t\t\t\t\t\t\t<\/div> \n\t\t\t\n                            \n\t\t\t\t<div id=\"ngg-image-11\" class=\"ngg-gallery-thumbnail-box\" >\n\t\t\t\t        <div class=\"ngg-gallery-thumbnail\">\n            <a href=\"http:\/\/www.messdiener-stevede-goxel.de\/wordpress\/wp-content\/gallery\/herbstaktion-2015\/Schwimmen-12.jpg\"\n               title=\"\"\n               data-src=\"http:\/\/www.messdiener-stevede-goxel.de\/wordpress\/wp-content\/gallery\/herbstaktion-2015\/Schwimmen-12.jpg\"\n               data-thumbnail=\"http:\/\/www.messdiener-stevede-goxel.de\/wordpress\/wp-content\/gallery\/herbstaktion-2015\/thumbs\/thumbs_Schwimmen-12.jpg\"\n               data-image-id=\"1314\"\n               data-title=\"Schwimmen-12\"\n               data-description=\"\"\n               data-image-slug=\"schwimmen-12\"\n               class=\"ngg-fancybox\" rel=\"3411\">\n                <img\n                    title=\"Schwimmen-12\"\n                    alt=\"Schwimmen-12\"\n                    src=\"http:\/\/www.messdiener-stevede-goxel.de\/wordpress\/wp-content\/gallery\/herbstaktion-2015\/cache\/Schwimmen-12-nggid041314-ngg0dyn-235x235x100-00f0w010c011r110f110r010t010.jpg\"\n                    width=\"235\"\n                    height=\"235\"\n                    style=\"max-width:100%;\"\n                \/>\n            <\/a>\n        <\/div>\n\t\t\t\t\t\t\t<\/div> \n\t\t\t\n                                    <br style=\"clear: both\" \/>\n                    \n\t\t\t\t<div id=\"ngg-image-12\" class=\"ngg-gallery-thumbnail-box\" >\n\t\t\t\t        <div class=\"ngg-gallery-thumbnail\">\n            <a href=\"http:\/\/www.messdiener-stevede-goxel.de\/wordpress\/wp-content\/gallery\/herbstaktion-2015\/Schwimmen-13.jpg\"\n               title=\"\"\n               data-src=\"http:\/\/www.messdiener-stevede-goxel.de\/wordpress\/wp-content\/gallery\/herbstaktion-2015\/Schwimmen-13.jpg\"\n               data-thumbnail=\"http:\/\/www.messdiener-stevede-goxel.de\/wordpress\/wp-content\/gallery\/herbstaktion-2015\/thumbs\/thumbs_Schwimmen-13.jpg\"\n               data-image-id=\"1315\"\n               data-title=\"Schwimmen-13\"\n               data-description=\"\"\n               data-image-slug=\"schwimmen-13\"\n               class=\"ngg-fancybox\" rel=\"3411\">\n                <img\n                    title=\"Schwimmen-13\"\n                    alt=\"Schwimmen-13\"\n                    src=\"http:\/\/www.messdiener-stevede-goxel.de\/wordpress\/wp-content\/gallery\/herbstaktion-2015\/cache\/Schwimmen-13-nggid041315-ngg0dyn-235x235x100-00f0w010c011r110f110r010t010.jpg\"\n                    width=\"235\"\n                    height=\"235\"\n                    style=\"max-width:100%;\"\n                \/>\n            <\/a>\n        <\/div>\n\t\t\t\t\t\t\t<\/div> \n\t\t\t\n                            \n\t\t\t\t<div id=\"ngg-image-13\" class=\"ngg-gallery-thumbnail-box\" >\n\t\t\t\t        <div class=\"ngg-gallery-thumbnail\">\n            <a href=\"http:\/\/www.messdiener-stevede-goxel.de\/wordpress\/wp-content\/gallery\/herbstaktion-2015\/Schwimmen-14.jpg\"\n               title=\"\"\n               data-src=\"http:\/\/www.messdiener-stevede-goxel.de\/wordpress\/wp-content\/gallery\/herbstaktion-2015\/Schwimmen-14.jpg\"\n               data-thumbnail=\"http:\/\/www.messdiener-stevede-goxel.de\/wordpress\/wp-content\/gallery\/herbstaktion-2015\/thumbs\/thumbs_Schwimmen-14.jpg\"\n               data-image-id=\"1316\"\n               data-title=\"Schwimmen-14\"\n               data-description=\"\"\n               data-image-slug=\"schwimmen-14\"\n               class=\"ngg-fancybox\" rel=\"3411\">\n                <img\n                    title=\"Schwimmen-14\"\n                    alt=\"Schwimmen-14\"\n                    src=\"http:\/\/www.messdiener-stevede-goxel.de\/wordpress\/wp-content\/gallery\/herbstaktion-2015\/cache\/Schwimmen-14-nggid041316-ngg0dyn-235x235x100-00f0w010c011r110f110r010t010.jpg\"\n                    width=\"235\"\n                    height=\"235\"\n                    style=\"max-width:100%;\"\n                \/>\n            <\/a>\n        <\/div>\n\t\t\t\t\t\t\t<\/div> \n\t\t\t\n                            \n\t\t\t\t<div id=\"ngg-image-14\" class=\"ngg-gallery-thumbnail-box\" >\n\t\t\t\t        <div class=\"ngg-gallery-thumbnail\">\n            <a href=\"http:\/\/www.messdiener-stevede-goxel.de\/wordpress\/wp-content\/gallery\/herbstaktion-2015\/Schwimmen-15.jpg\"\n               title=\"\"\n               data-src=\"http:\/\/www.messdiener-stevede-goxel.de\/wordpress\/wp-content\/gallery\/herbstaktion-2015\/Schwimmen-15.jpg\"\n               data-thumbnail=\"http:\/\/www.messdiener-stevede-goxel.de\/wordpress\/wp-content\/gallery\/herbstaktion-2015\/thumbs\/thumbs_Schwimmen-15.jpg\"\n               data-image-id=\"1317\"\n               data-title=\"Schwimmen-15\"\n               data-description=\"\"\n               data-image-slug=\"schwimmen-15\"\n               class=\"ngg-fancybox\" rel=\"3411\">\n                <img\n                    title=\"Schwimmen-15\"\n                    alt=\"Schwimmen-15\"\n                    src=\"http:\/\/www.messdiener-stevede-goxel.de\/wordpress\/wp-content\/gallery\/herbstaktion-2015\/cache\/Schwimmen-15-nggid041317-ngg0dyn-235x235x100-00f0w010c011r110f110r010t010.jpg\"\n                    width=\"235\"\n                    height=\"235\"\n                    style=\"max-width:100%;\"\n                \/>\n            <\/a>\n        <\/div>\n\t\t\t\t\t\t\t<\/div> \n\t\t\t\n                            \n\t\t\n\t\t<!-- Pagination -->\n\t<div class='ngg-clear'><\/div>\t<\/div>\n<\/p>\n<p>&nbsp;<\/p>\n<p>&nbsp;<\/p>\n","protected":false},"excerpt":{"rendered":"<p>Wir sind ins Aquadrome nach Enschede gefahren. Morgens ging es mit dem Bus und 39 Kindern aus ganz Coesfeld los. Nat\u00fcrlich war das Highlight die Wildwasser Rutsche auf der einige fast den ganzen Tag verbracht haben. Ansonsten war aber auch das Wellenbad und die schnellen Rutschen sehr beliebt. Wenn wieder zu viel \u00fcbersch\u00fcssige Energie vorhanden [&hellip;]<\/p>\n","protected":false},"author":1,"featured_media":0,"parent":2416,"menu_order":0,"comment_status":"open","ping_status":"open","template":"","meta":{"ngg_post_thumbnail":0},"_links":{"self":[{"href":"http:\/\/www.messdiener-stevede-goxel.de\/wordpress\/wp-json\/wp\/v2\/pages\/3358"}],"collection":[{"href":"http:\/\/www.messdiener-stevede-goxel.de\/wordpress\/wp-json\/wp\/v2\/pages"}],"about":[{"href":"http:\/\/www.messdiener-stevede-goxel.de\/wordpress\/wp-json\/wp\/v2\/types\/page"}],"author":[{"embeddable":true,"href":"http:\/\/www.messdiener-stevede-goxel.de\/wordpress\/wp-json\/wp\/v2\/users\/1"}],"replies":[{"embeddable":true,"href":"http:\/\/www.messdiener-stevede-goxel.de\/wordpress\/wp-json\/wp\/v2\/comments?post=3358"}],"version-history":[{"count":11,"href":"http:\/\/www.messdiener-stevede-goxel.de\/wordpress\/wp-json\/wp\/v2\/pages\/3358\/revisions"}],"predecessor-version":[{"id":3412,"href":"http:\/\/www.messdiener-stevede-goxel.de\/wordpress\/wp-json\/wp\/v2\/pages\/3358\/revisions\/3412"}],"up":[{"embeddable":true,"href":"http:\/\/www.messdiener-stevede-goxel.de\/wordpress\/wp-json\/wp\/v2\/pages\/2416"}],"wp:attachment":[{"href":"http:\/\/www.messdiener-stevede-goxel.de\/wordpress\/wp-json\/wp\/v2\/media?parent=3358"}],"curies":[{"name":"wp","href":"https:\/\/api.w.org\/{rel}","templated":true}]}}