{"id":3480,"date":"2016-06-20T22:04:29","date_gmt":"2016-06-20T20:04:29","guid":{"rendered":"http:\/\/www.messdiener-stevede-goxel.de\/wordpress\/lagervorfahrt-2016\/"},"modified":"2016-06-20T22:24:41","modified_gmt":"2016-06-20T20:24:41","slug":"lagervorfahrt-2016","status":"publish","type":"page","link":"http:\/\/www.messdiener-stevede-goxel.de\/wordpress\/lagervorfahrt-2016\/","title":{"rendered":"Lagervorfahrt 2016"},"content":{"rendered":"<p>Dieses Jahr geht es ins wundersch\u00f6ne B\u00fcren Harth. Die Halle ist sehr gro\u00df und hat eine Empore auf der unser Speisesaal liegt. Direkt neben der Halle liegt ein kleiner Spielplatz und eine mittelalterliche Burg die gerade restauriert wird.<\/p>\n<p>Nun da unser Programm steht und wir nur noch die letzten Kleinigkeiten vorbereiten m\u00fcssen, freuen wir uns sehr auf euch! Wenn Ihr noch fragen habt, meldet euch gerne per Mail an leiterrunde-stoxel@gmx.de.<\/p>\n<p>&nbsp;<\/p>\n<!-- index.php -->\n<div\n\tclass=\"ngg-galleryoverview ngg-ajax-pagination-none\"\n\tid=\"ngg-gallery-64b8fb292f5811434d9e0b191e386602-1\">\n\n    \t\t<!-- Thumbnails -->\n\t\t\t\t<div id=\"ngg-image-0\" class=\"ngg-gallery-thumbnail-box\" >\n\t\t\t\t        <div class=\"ngg-gallery-thumbnail\">\n            <a href=\"http:\/\/www.messdiener-stevede-goxel.de\/wordpress\/wp-content\/gallery\/lagervorfahrt-2016\/20160604_180201.jpg\"\n               title=\"\"\n               data-src=\"http:\/\/www.messdiener-stevede-goxel.de\/wordpress\/wp-content\/gallery\/lagervorfahrt-2016\/20160604_180201.jpg\"\n               data-thumbnail=\"http:\/\/www.messdiener-stevede-goxel.de\/wordpress\/wp-content\/gallery\/lagervorfahrt-2016\/thumbs\/thumbs_20160604_180201.jpg\"\n               data-image-id=\"1318\"\n               data-title=\"20160604_180201\"\n               data-description=\"\"\n               data-image-slug=\"20160604_180201-2\"\n               class=\"ngg-fancybox\" rel=\"64b8fb292f5811434d9e0b191e386602\">\n                <img\n                    title=\"20160604_180201\"\n                    alt=\"20160604_180201\"\n                    src=\"http:\/\/www.messdiener-stevede-goxel.de\/wordpress\/wp-content\/gallery\/lagervorfahrt-2016\/cache\/20160604_180201-nggid041318-ngg0dyn-235x235x100-00f0w010c011r110f110r010t010.jpg\"\n                    width=\"235\"\n                    height=\"235\"\n                    style=\"max-width:100%;\"\n                \/>\n            <\/a>\n        <\/div>\n\t\t\t\t\t\t\t<\/div> \n\t\t\t\n                            \n\t\t\t\t<div id=\"ngg-image-1\" class=\"ngg-gallery-thumbnail-box\" >\n\t\t\t\t        <div class=\"ngg-gallery-thumbnail\">\n            <a href=\"http:\/\/www.messdiener-stevede-goxel.de\/wordpress\/wp-content\/gallery\/lagervorfahrt-2016\/20160604_180213.jpg\"\n               title=\"\"\n               data-src=\"http:\/\/www.messdiener-stevede-goxel.de\/wordpress\/wp-content\/gallery\/lagervorfahrt-2016\/20160604_180213.jpg\"\n               data-thumbnail=\"http:\/\/www.messdiener-stevede-goxel.de\/wordpress\/wp-content\/gallery\/lagervorfahrt-2016\/thumbs\/thumbs_20160604_180213.jpg\"\n               data-image-id=\"1319\"\n               data-title=\"20160604_180213\"\n               data-description=\"\"\n               data-image-slug=\"20160604_180213-2\"\n               class=\"ngg-fancybox\" rel=\"64b8fb292f5811434d9e0b191e386602\">\n                <img\n                    title=\"20160604_180213\"\n                    alt=\"20160604_180213\"\n                    src=\"http:\/\/www.messdiener-stevede-goxel.de\/wordpress\/wp-content\/gallery\/lagervorfahrt-2016\/cache\/20160604_180213-nggid041319-ngg0dyn-235x235x100-00f0w010c011r110f110r010t010.jpg\"\n                    width=\"235\"\n                    height=\"235\"\n                    style=\"max-width:100%;\"\n                \/>\n            <\/a>\n        <\/div>\n\t\t\t\t\t\t\t<\/div> \n\t\t\t\n                            \n\t\t\t\t<div id=\"ngg-image-2\" class=\"ngg-gallery-thumbnail-box\" >\n\t\t\t\t        <div class=\"ngg-gallery-thumbnail\">\n            <a href=\"http:\/\/www.messdiener-stevede-goxel.de\/wordpress\/wp-content\/gallery\/lagervorfahrt-2016\/20160604_180258.jpg\"\n               title=\"\"\n               data-src=\"http:\/\/www.messdiener-stevede-goxel.de\/wordpress\/wp-content\/gallery\/lagervorfahrt-2016\/20160604_180258.jpg\"\n               data-thumbnail=\"http:\/\/www.messdiener-stevede-goxel.de\/wordpress\/wp-content\/gallery\/lagervorfahrt-2016\/thumbs\/thumbs_20160604_180258.jpg\"\n               data-image-id=\"1320\"\n               data-title=\"20160604_180258\"\n               data-description=\"\"\n               data-image-slug=\"20160604_180258-2\"\n               class=\"ngg-fancybox\" rel=\"64b8fb292f5811434d9e0b191e386602\">\n                <img\n                    title=\"20160604_180258\"\n                    alt=\"20160604_180258\"\n                    src=\"http:\/\/www.messdiener-stevede-goxel.de\/wordpress\/wp-content\/gallery\/lagervorfahrt-2016\/cache\/20160604_180258-nggid041320-ngg0dyn-235x235x100-00f0w010c011r110f110r010t010.jpg\"\n                    width=\"235\"\n                    height=\"235\"\n                    style=\"max-width:100%;\"\n                \/>\n            <\/a>\n        <\/div>\n\t\t\t\t\t\t\t<\/div> \n\t\t\t\n                            \n\t\t\t\t<div id=\"ngg-image-3\" class=\"ngg-gallery-thumbnail-box\" >\n\t\t\t\t        <div class=\"ngg-gallery-thumbnail\">\n            <a href=\"http:\/\/www.messdiener-stevede-goxel.de\/wordpress\/wp-content\/gallery\/lagervorfahrt-2016\/20160604_180322.jpg\"\n               title=\"\"\n               data-src=\"http:\/\/www.messdiener-stevede-goxel.de\/wordpress\/wp-content\/gallery\/lagervorfahrt-2016\/20160604_180322.jpg\"\n               data-thumbnail=\"http:\/\/www.messdiener-stevede-goxel.de\/wordpress\/wp-content\/gallery\/lagervorfahrt-2016\/thumbs\/thumbs_20160604_180322.jpg\"\n               data-image-id=\"1321\"\n               data-title=\"20160604_180322\"\n               data-description=\"\"\n               data-image-slug=\"20160604_180322-2\"\n               class=\"ngg-fancybox\" rel=\"64b8fb292f5811434d9e0b191e386602\">\n                <img\n                    title=\"20160604_180322\"\n                    alt=\"20160604_180322\"\n                    src=\"http:\/\/www.messdiener-stevede-goxel.de\/wordpress\/wp-content\/gallery\/lagervorfahrt-2016\/cache\/20160604_180322-nggid041321-ngg0dyn-235x235x100-00f0w010c011r110f110r010t010.jpg\"\n                    width=\"235\"\n                    height=\"235\"\n                    style=\"max-width:100%;\"\n                \/>\n            <\/a>\n        <\/div>\n\t\t\t\t\t\t\t<\/div> \n\t\t\t\n                                    <br style=\"clear: both\" \/>\n                    \n\t\t\t\t<div id=\"ngg-image-4\" class=\"ngg-gallery-thumbnail-box\" >\n\t\t\t\t        <div class=\"ngg-gallery-thumbnail\">\n            <a href=\"http:\/\/www.messdiener-stevede-goxel.de\/wordpress\/wp-content\/gallery\/lagervorfahrt-2016\/20160604_180442.jpg\"\n               title=\"\"\n               data-src=\"http:\/\/www.messdiener-stevede-goxel.de\/wordpress\/wp-content\/gallery\/lagervorfahrt-2016\/20160604_180442.jpg\"\n               data-thumbnail=\"http:\/\/www.messdiener-stevede-goxel.de\/wordpress\/wp-content\/gallery\/lagervorfahrt-2016\/thumbs\/thumbs_20160604_180442.jpg\"\n               data-image-id=\"1322\"\n               data-title=\"20160604_180442\"\n               data-description=\"\"\n               data-image-slug=\"20160604_180442-2\"\n               class=\"ngg-fancybox\" rel=\"64b8fb292f5811434d9e0b191e386602\">\n                <img\n                    title=\"20160604_180442\"\n                    alt=\"20160604_180442\"\n                    src=\"http:\/\/www.messdiener-stevede-goxel.de\/wordpress\/wp-content\/gallery\/lagervorfahrt-2016\/cache\/20160604_180442-nggid041322-ngg0dyn-235x235x100-00f0w010c011r110f110r010t010.jpg\"\n                    width=\"235\"\n                    height=\"235\"\n                    style=\"max-width:100%;\"\n                \/>\n            <\/a>\n        <\/div>\n\t\t\t\t\t\t\t<\/div> \n\t\t\t\n                            \n\t\t\t\t<div id=\"ngg-image-5\" class=\"ngg-gallery-thumbnail-box\" >\n\t\t\t\t        <div class=\"ngg-gallery-thumbnail\">\n            <a href=\"http:\/\/www.messdiener-stevede-goxel.de\/wordpress\/wp-content\/gallery\/lagervorfahrt-2016\/20160604_180453.jpg\"\n               title=\"\"\n               data-src=\"http:\/\/www.messdiener-stevede-goxel.de\/wordpress\/wp-content\/gallery\/lagervorfahrt-2016\/20160604_180453.jpg\"\n               data-thumbnail=\"http:\/\/www.messdiener-stevede-goxel.de\/wordpress\/wp-content\/gallery\/lagervorfahrt-2016\/thumbs\/thumbs_20160604_180453.jpg\"\n               data-image-id=\"1323\"\n               data-title=\"20160604_180453\"\n               data-description=\"\"\n               data-image-slug=\"20160604_180453-2\"\n               class=\"ngg-fancybox\" rel=\"64b8fb292f5811434d9e0b191e386602\">\n                <img\n                    title=\"20160604_180453\"\n                    alt=\"20160604_180453\"\n                    src=\"http:\/\/www.messdiener-stevede-goxel.de\/wordpress\/wp-content\/gallery\/lagervorfahrt-2016\/cache\/20160604_180453-nggid041323-ngg0dyn-235x235x100-00f0w010c011r110f110r010t010.jpg\"\n                    width=\"235\"\n                    height=\"235\"\n                    style=\"max-width:100%;\"\n                \/>\n            <\/a>\n        <\/div>\n\t\t\t\t\t\t\t<\/div> \n\t\t\t\n                            \n\t\t\t\t<div id=\"ngg-image-6\" class=\"ngg-gallery-thumbnail-box\" >\n\t\t\t\t        <div class=\"ngg-gallery-thumbnail\">\n            <a href=\"http:\/\/www.messdiener-stevede-goxel.de\/wordpress\/wp-content\/gallery\/lagervorfahrt-2016\/20160604_180507.jpg\"\n               title=\"\"\n               data-src=\"http:\/\/www.messdiener-stevede-goxel.de\/wordpress\/wp-content\/gallery\/lagervorfahrt-2016\/20160604_180507.jpg\"\n               data-thumbnail=\"http:\/\/www.messdiener-stevede-goxel.de\/wordpress\/wp-content\/gallery\/lagervorfahrt-2016\/thumbs\/thumbs_20160604_180507.jpg\"\n               data-image-id=\"1324\"\n               data-title=\"20160604_180507\"\n               data-description=\"\"\n               data-image-slug=\"20160604_180507-2\"\n               class=\"ngg-fancybox\" rel=\"64b8fb292f5811434d9e0b191e386602\">\n                <img\n                    title=\"20160604_180507\"\n                    alt=\"20160604_180507\"\n                    src=\"http:\/\/www.messdiener-stevede-goxel.de\/wordpress\/wp-content\/gallery\/lagervorfahrt-2016\/cache\/20160604_180507-nggid041324-ngg0dyn-235x235x100-00f0w010c011r110f110r010t010.jpg\"\n                    width=\"235\"\n                    height=\"235\"\n                    style=\"max-width:100%;\"\n                \/>\n            <\/a>\n        <\/div>\n\t\t\t\t\t\t\t<\/div> \n\t\t\t\n                            \n\t\t\t\t<div id=\"ngg-image-7\" class=\"ngg-gallery-thumbnail-box\" >\n\t\t\t\t        <div class=\"ngg-gallery-thumbnail\">\n            <a href=\"http:\/\/www.messdiener-stevede-goxel.de\/wordpress\/wp-content\/gallery\/lagervorfahrt-2016\/20160604_180609.jpg\"\n               title=\"\"\n               data-src=\"http:\/\/www.messdiener-stevede-goxel.de\/wordpress\/wp-content\/gallery\/lagervorfahrt-2016\/20160604_180609.jpg\"\n               data-thumbnail=\"http:\/\/www.messdiener-stevede-goxel.de\/wordpress\/wp-content\/gallery\/lagervorfahrt-2016\/thumbs\/thumbs_20160604_180609.jpg\"\n               data-image-id=\"1325\"\n               data-title=\"20160604_180609\"\n               data-description=\"\"\n               data-image-slug=\"20160604_180609-2\"\n               class=\"ngg-fancybox\" rel=\"64b8fb292f5811434d9e0b191e386602\">\n                <img\n                    title=\"20160604_180609\"\n                    alt=\"20160604_180609\"\n                    src=\"http:\/\/www.messdiener-stevede-goxel.de\/wordpress\/wp-content\/gallery\/lagervorfahrt-2016\/cache\/20160604_180609-nggid041325-ngg0dyn-235x235x100-00f0w010c011r110f110r010t010.jpg\"\n                    width=\"235\"\n                    height=\"235\"\n                    style=\"max-width:100%;\"\n                \/>\n            <\/a>\n        <\/div>\n\t\t\t\t\t\t\t<\/div> \n\t\t\t\n                                    <br style=\"clear: both\" \/>\n                    \n\t\t\t\t<div id=\"ngg-image-8\" class=\"ngg-gallery-thumbnail-box\" >\n\t\t\t\t        <div class=\"ngg-gallery-thumbnail\">\n            <a href=\"http:\/\/www.messdiener-stevede-goxel.de\/wordpress\/wp-content\/gallery\/lagervorfahrt-2016\/20160604_180640.jpg\"\n               title=\"\"\n               data-src=\"http:\/\/www.messdiener-stevede-goxel.de\/wordpress\/wp-content\/gallery\/lagervorfahrt-2016\/20160604_180640.jpg\"\n               data-thumbnail=\"http:\/\/www.messdiener-stevede-goxel.de\/wordpress\/wp-content\/gallery\/lagervorfahrt-2016\/thumbs\/thumbs_20160604_180640.jpg\"\n               data-image-id=\"1326\"\n               data-title=\"20160604_180640\"\n               data-description=\"\"\n               data-image-slug=\"20160604_180640-2\"\n               class=\"ngg-fancybox\" rel=\"64b8fb292f5811434d9e0b191e386602\">\n                <img\n                    title=\"20160604_180640\"\n                    alt=\"20160604_180640\"\n                    src=\"http:\/\/www.messdiener-stevede-goxel.de\/wordpress\/wp-content\/gallery\/lagervorfahrt-2016\/cache\/20160604_180640-nggid041326-ngg0dyn-235x235x100-00f0w010c011r110f110r010t010.jpg\"\n                    width=\"235\"\n                    height=\"235\"\n                    style=\"max-width:100%;\"\n                \/>\n            <\/a>\n        <\/div>\n\t\t\t\t\t\t\t<\/div> \n\t\t\t\n                            \n\t\t\t\t<div id=\"ngg-image-9\" class=\"ngg-gallery-thumbnail-box\" >\n\t\t\t\t        <div class=\"ngg-gallery-thumbnail\">\n            <a href=\"http:\/\/www.messdiener-stevede-goxel.de\/wordpress\/wp-content\/gallery\/lagervorfahrt-2016\/20160604_181315.jpg\"\n               title=\"\"\n               data-src=\"http:\/\/www.messdiener-stevede-goxel.de\/wordpress\/wp-content\/gallery\/lagervorfahrt-2016\/20160604_181315.jpg\"\n               data-thumbnail=\"http:\/\/www.messdiener-stevede-goxel.de\/wordpress\/wp-content\/gallery\/lagervorfahrt-2016\/thumbs\/thumbs_20160604_181315.jpg\"\n               data-image-id=\"1327\"\n               data-title=\"20160604_181315\"\n               data-description=\"\"\n               data-image-slug=\"20160604_181315-2\"\n               class=\"ngg-fancybox\" rel=\"64b8fb292f5811434d9e0b191e386602\">\n                <img\n                    title=\"20160604_181315\"\n                    alt=\"20160604_181315\"\n                    src=\"http:\/\/www.messdiener-stevede-goxel.de\/wordpress\/wp-content\/gallery\/lagervorfahrt-2016\/cache\/20160604_181315-nggid041327-ngg0dyn-235x235x100-00f0w010c011r110f110r010t010.jpg\"\n                    width=\"235\"\n                    height=\"235\"\n                    style=\"max-width:100%;\"\n                \/>\n            <\/a>\n        <\/div>\n\t\t\t\t\t\t\t<\/div> \n\t\t\t\n                            \n\t\t\t\t<div id=\"ngg-image-10\" class=\"ngg-gallery-thumbnail-box\" >\n\t\t\t\t        <div class=\"ngg-gallery-thumbnail\">\n            <a href=\"http:\/\/www.messdiener-stevede-goxel.de\/wordpress\/wp-content\/gallery\/lagervorfahrt-2016\/20160604_181510.jpg\"\n               title=\"\"\n               data-src=\"http:\/\/www.messdiener-stevede-goxel.de\/wordpress\/wp-content\/gallery\/lagervorfahrt-2016\/20160604_181510.jpg\"\n               data-thumbnail=\"http:\/\/www.messdiener-stevede-goxel.de\/wordpress\/wp-content\/gallery\/lagervorfahrt-2016\/thumbs\/thumbs_20160604_181510.jpg\"\n               data-image-id=\"1328\"\n               data-title=\"20160604_181510\"\n               data-description=\"\"\n               data-image-slug=\"20160604_181510\"\n               class=\"ngg-fancybox\" rel=\"64b8fb292f5811434d9e0b191e386602\">\n                <img\n                    title=\"20160604_181510\"\n                    alt=\"20160604_181510\"\n                    src=\"http:\/\/www.messdiener-stevede-goxel.de\/wordpress\/wp-content\/gallery\/lagervorfahrt-2016\/cache\/20160604_181510-nggid041328-ngg0dyn-235x235x100-00f0w010c011r110f110r010t010.jpg\"\n                    width=\"235\"\n                    height=\"235\"\n                    style=\"max-width:100%;\"\n                \/>\n            <\/a>\n        <\/div>\n\t\t\t\t\t\t\t<\/div> \n\t\t\t\n                            \n\t\t\n\t\t<!-- Pagination -->\n\t<div class='ngg-clear'><\/div>\t<\/div>\n\n","protected":false},"excerpt":{"rendered":"<p>Dieses Jahr geht es ins wundersch\u00f6ne B\u00fcren Harth. Die Halle ist sehr gro\u00df und hat eine Empore auf der unser Speisesaal liegt. Direkt neben der Halle liegt ein kleiner Spielplatz und eine mittelalterliche Burg die gerade restauriert wird. Nun da unser Programm steht und wir nur noch die letzten Kleinigkeiten vorbereiten m\u00fcssen, freuen wir uns [&hellip;]<\/p>\n","protected":false},"author":1,"featured_media":0,"parent":0,"menu_order":0,"comment_status":"open","ping_status":"open","template":"","meta":{"ngg_post_thumbnail":0},"_links":{"self":[{"href":"http:\/\/www.messdiener-stevede-goxel.de\/wordpress\/wp-json\/wp\/v2\/pages\/3480"}],"collection":[{"href":"http:\/\/www.messdiener-stevede-goxel.de\/wordpress\/wp-json\/wp\/v2\/pages"}],"about":[{"href":"http:\/\/www.messdiener-stevede-goxel.de\/wordpress\/wp-json\/wp\/v2\/types\/page"}],"author":[{"embeddable":true,"href":"http:\/\/www.messdiener-stevede-goxel.de\/wordpress\/wp-json\/wp\/v2\/users\/1"}],"replies":[{"embeddable":true,"href":"http:\/\/www.messdiener-stevede-goxel.de\/wordpress\/wp-json\/wp\/v2\/comments?post=3480"}],"version-history":[{"count":4,"href":"http:\/\/www.messdiener-stevede-goxel.de\/wordpress\/wp-json\/wp\/v2\/pages\/3480\/revisions"}],"predecessor-version":[{"id":3485,"href":"http:\/\/www.messdiener-stevede-goxel.de\/wordpress\/wp-json\/wp\/v2\/pages\/3480\/revisions\/3485"}],"wp:attachment":[{"href":"http:\/\/www.messdiener-stevede-goxel.de\/wordpress\/wp-json\/wp\/v2\/media?parent=3480"}],"curies":[{"name":"wp","href":"https:\/\/api.w.org\/{rel}","templated":true}]}}