{"id":4223,"date":"2018-09-10T11:47:37","date_gmt":"2018-09-10T09:47:37","guid":{"rendered":"http:\/\/www.messdiener-stevede-goxel.de\/wordpress\/?page_id=4223"},"modified":"2018-09-10T11:47:52","modified_gmt":"2018-09-10T09:47:52","slug":"sternsinger","status":"publish","type":"page","link":"http:\/\/www.messdiener-stevede-goxel.de\/wordpress\/sternsinger\/","title":{"rendered":"Sternsinger"},"content":{"rendered":"<p>Auch 2017 wurde wieder flei\u00dfig gespendet. Die Kinder trotzten der K\u00e4lte und wurden mit S\u00fc\u00dfigkeiten belohnt.<\/p>\n<p>&nbsp;<\/p>\n<p><a href=\"http:\/\/www.messdiener-stevede-goxel.de\/wordpress\/wp-content\/uploads\/2017\/02\/IMG-20170107-WA0016-e1487615594622.jpg\"><img decoding=\"async\" loading=\"lazy\" class=\"aligncenter size-medium wp-image-3736\" src=\"http:\/\/www.messdiener-stevede-goxel.de\/wordpress\/wp-content\/uploads\/2017\/02\/IMG-20170107-WA0016-e1487615594622-300x242.jpg\" alt=\"IMG-20170107-WA0016\" width=\"300\" height=\"242\" srcset=\"http:\/\/www.messdiener-stevede-goxel.de\/wordpress\/wp-content\/uploads\/2017\/02\/IMG-20170107-WA0016-e1487615594622-300x242.jpg 300w, http:\/\/www.messdiener-stevede-goxel.de\/wordpress\/wp-content\/uploads\/2017\/02\/IMG-20170107-WA0016-e1487615594622-600x484.jpg 600w, http:\/\/www.messdiener-stevede-goxel.de\/wordpress\/wp-content\/uploads\/2017\/02\/IMG-20170107-WA0016-e1487615594622-354x284.jpg 354w, http:\/\/www.messdiener-stevede-goxel.de\/wordpress\/wp-content\/uploads\/2017\/02\/IMG-20170107-WA0016-e1487615594622.jpg 895w\" sizes=\"(max-width: 300px) 100vw, 300px\" \/><\/a><\/p>\n","protected":false},"excerpt":{"rendered":"<p>Auch 2017 wurde wieder flei\u00dfig gespendet. Die Kinder trotzten der K\u00e4lte und wurden mit S\u00fc\u00dfigkeiten belohnt. &nbsp;<\/p>\n","protected":false},"author":1,"featured_media":0,"parent":0,"menu_order":0,"comment_status":"open","ping_status":"open","template":"","meta":{"ngg_post_thumbnail":0},"_links":{"self":[{"href":"http:\/\/www.messdiener-stevede-goxel.de\/wordpress\/wp-json\/wp\/v2\/pages\/4223"}],"collection":[{"href":"http:\/\/www.messdiener-stevede-goxel.de\/wordpress\/wp-json\/wp\/v2\/pages"}],"about":[{"href":"http:\/\/www.messdiener-stevede-goxel.de\/wordpress\/wp-json\/wp\/v2\/types\/page"}],"author":[{"embeddable":true,"href":"http:\/\/www.messdiener-stevede-goxel.de\/wordpress\/wp-json\/wp\/v2\/users\/1"}],"replies":[{"embeddable":true,"href":"http:\/\/www.messdiener-stevede-goxel.de\/wordpress\/wp-json\/wp\/v2\/comments?post=4223"}],"version-history":[{"count":3,"href":"http:\/\/www.messdiener-stevede-goxel.de\/wordpress\/wp-json\/wp\/v2\/pages\/4223\/revisions"}],"predecessor-version":[{"id":4248,"href":"http:\/\/www.messdiener-stevede-goxel.de\/wordpress\/wp-json\/wp\/v2\/pages\/4223\/revisions\/4248"}],"wp:attachment":[{"href":"http:\/\/www.messdiener-stevede-goxel.de\/wordpress\/wp-json\/wp\/v2\/media?parent=4223"}],"curies":[{"name":"wp","href":"https:\/\/api.w.org\/{rel}","templated":true}]}}