{"id":73,"date":"2014-05-07T21:35:42","date_gmt":"2014-05-07T19:35:42","guid":{"rendered":"http:\/\/www.messdiener-stevede-goxel.de\/wordpress\/?page_id=73"},"modified":"2018-09-13T09:19:42","modified_gmt":"2018-09-13T07:19:42","slug":"archiv","status":"publish","type":"page","link":"http:\/\/www.messdiener-stevede-goxel.de\/wordpress\/archiv\/","title":{"rendered":"Archiv"},"content":{"rendered":"<h6>Danke f\u00fcr die Jahre mit euch!<\/h6>\n<p>Damit ihr euch an die alten Zeiten zur\u00fcck erinnern k\u00f6nnt haben wir euch einige der Fotos zusammen gestellt.<\/p>\n<p><ul class=\"ngg-breadcrumbs\">\n    <\/ul>\n<div class=\"ngg-albumoverview\">\n\n\t<!-- List of galleries -->\n\t\n\t<div class=\"ngg-album-compact\">\n\t\t<div class=\"ngg-album-compactbox\">\n\t\t\t<div class=\"ngg-album-link\">\n                                    <a class=\"Link\" href=\"http:\/\/www.messdiener-stevede-goxel.de\/wordpress\/archiv\/nggallery\/2018\">\n                        <img class=\"Thumb\"\n                             alt=\"2018\"\n                             src=\"http:\/\/www.messdiener-stevede-goxel.de\/wordpress\/wp-content\/gallery\/lager-2018\/cache\/P1240543-nggid041484-ngg0dyn-300x300x100-00f0w010c011r110f110r010t010.JPG\"\/>\n                    <\/a>\n                \t\t\t<\/div>\n\t\t<\/div>\n                <h4>\n            <a class=\"ngg-album-desc\"\n               title=\"2018\"\n               href=\"http:\/\/www.messdiener-stevede-goxel.de\/wordpress\/archiv\/nggallery\/2018\"\n               style=\"max-width: 320px\">\n                2018            <\/a>\n        <\/h4>\n\t\t<p class=\"ngg-album-gallery-image-counter\">\n\t\t\t\t\t\t\t&nbsp;\n\t\t\t\t\t<\/p>\n\t<\/div>\n\n \t\n\t<div class=\"ngg-album-compact\">\n\t\t<div class=\"ngg-album-compactbox\">\n\t\t\t<div class=\"ngg-album-link\">\n                                    <a class=\"Link\" href=\"http:\/\/www.messdiener-stevede-goxel.de\/wordpress\/archiv\/nggallery\/2017\">\n                        <img class=\"Thumb\"\n                             alt=\"2017\"\n                             src=\"http:\/\/www.messdiener-stevede-goxel.de\/wordpress\/wp-content\/gallery\/lager-2017\/cache\/IMG_20170724_134342-nggid041624-ngg0dyn-300x300x100-00f0w010c011r110f110r010t010.jpg\"\/>\n                    <\/a>\n                \t\t\t<\/div>\n\t\t<\/div>\n                <h4>\n            <a class=\"ngg-album-desc\"\n               title=\"2017\"\n               href=\"http:\/\/www.messdiener-stevede-goxel.de\/wordpress\/archiv\/nggallery\/2017\"\n               style=\"max-width: 320px\">\n                2017            <\/a>\n        <\/h4>\n\t\t<p class=\"ngg-album-gallery-image-counter\">\n\t\t\t\t\t\t\t&nbsp;\n\t\t\t\t\t<\/p>\n\t<\/div>\n\n \t\n\t<div class=\"ngg-album-compact\">\n\t\t<div class=\"ngg-album-compactbox\">\n\t\t\t<div class=\"ngg-album-link\">\n                                    <a class=\"Link\" href=\"http:\/\/www.messdiener-stevede-goxel.de\/wordpress\/archiv\/nggallery\/lager-2016\">\n                        <img class=\"Thumb\"\n                             alt=\" 2016\"\n                             src=\"http:\/\/www.messdiener-stevede-goxel.de\/wordpress\/wp-content\/gallery\/lager-2017\/cache\/IMG_20170723_180302-nggid041605-ngg0dyn-300x300x100-00f0w010c011r110f110r010t010.jpg\"\/>\n                    <\/a>\n                \t\t\t<\/div>\n\t\t<\/div>\n                <h4>\n            <a class=\"ngg-album-desc\"\n               title=\" 2016\"\n               href=\"http:\/\/www.messdiener-stevede-goxel.de\/wordpress\/archiv\/nggallery\/lager-2016\"\n               style=\"max-width: 320px\">\n                 2016            <\/a>\n        <\/h4>\n\t\t<p class=\"ngg-album-gallery-image-counter\">\n\t\t\t\t\t\t\t&nbsp;\n\t\t\t\t\t<\/p>\n\t<\/div>\n\n \t\n\t<div class=\"ngg-album-compact\">\n\t\t<div class=\"ngg-album-compactbox\">\n\t\t\t<div class=\"ngg-album-link\">\n                                    <a class=\"Link\" href=\"http:\/\/www.messdiener-stevede-goxel.de\/wordpress\/archiv\/nggallery\/2015\">\n                        <img class=\"Thumb\"\n                             alt=\"2015\"\n                             src=\"http:\/\/www.messdiener-stevede-goxel.de\/wordpress\/wp-content\/gallery\/sternsingeraktion-2015\/cache\/20150103-Sternsingeraktion_Stevede_Goxel_Stoxel-4-nggid03964-ngg0dyn-300x300x100-00f0w010c011r110f110r010t010.jpg\"\/>\n                    <\/a>\n                \t\t\t<\/div>\n\t\t<\/div>\n                <h4>\n            <a class=\"ngg-album-desc\"\n               title=\"2015\"\n               href=\"http:\/\/www.messdiener-stevede-goxel.de\/wordpress\/archiv\/nggallery\/2015\"\n               style=\"max-width: 320px\">\n                2015            <\/a>\n        <\/h4>\n\t\t<p class=\"ngg-album-gallery-image-counter\">\n\t\t\t\t\t\t\t&nbsp;\n\t\t\t\t\t<\/p>\n\t<\/div>\n\n \t\n\t<div class=\"ngg-album-compact\">\n\t\t<div class=\"ngg-album-compactbox\">\n\t\t\t<div class=\"ngg-album-link\">\n                                    <a class=\"Link\" href=\"http:\/\/www.messdiener-stevede-goxel.de\/wordpress\/2014-2\/\">\n                        <img class=\"Thumb\"\n                             alt=\"2014\"\n                             src=\"http:\/\/www.messdiener-stevede-goxel.de\/wordpress\/wp-content\/gallery\/lager-2014\/cache\/Ferienlager-Stoxel-2014-0018-nggid03712-ngg0dyn-300x300x100-00f0w010c011r110f110r010t010.jpg\"\/>\n                    <\/a>\n                \t\t\t<\/div>\n\t\t<\/div>\n                <h4>\n            <a class=\"ngg-album-desc\"\n               title=\"2014\"\n               href=\"http:\/\/www.messdiener-stevede-goxel.de\/wordpress\/2014-2\/\"\n               style=\"max-width: 320px\">\n                2014            <\/a>\n        <\/h4>\n\t\t<p class=\"ngg-album-gallery-image-counter\">\n\t\t\t\t\t\t\t&nbsp;\n\t\t\t\t\t<\/p>\n\t<\/div>\n\n \t\n\t<div class=\"ngg-album-compact\">\n\t\t<div class=\"ngg-album-compactbox\">\n\t\t\t<div class=\"ngg-album-link\">\n                                    <a class=\"Link\" href=\"http:\/\/www.messdiener-stevede-goxel.de\/wordpress\/archiv\/2013-2\/\">\n                        <img class=\"Thumb\"\n                             alt=\"2013\"\n                             src=\"http:\/\/www.messdiener-stevede-goxel.de\/wordpress\/wp-content\/gallery\/lager-2013\/cache\/Messdiener_Stoxel_Lager2013%20%289%29-nggid03689-ngg0dyn-300x300x100-00f0w010c011r110f110r010t010.jpg\"\/>\n                    <\/a>\n                \t\t\t<\/div>\n\t\t<\/div>\n                <h4>\n            <a class=\"ngg-album-desc\"\n               title=\"2013\"\n               href=\"http:\/\/www.messdiener-stevede-goxel.de\/wordpress\/archiv\/2013-2\/\"\n               style=\"max-width: 320px\">\n                2013            <\/a>\n        <\/h4>\n\t\t<p class=\"ngg-album-gallery-image-counter\">\n\t\t\t\t\t\t\t&nbsp;\n\t\t\t\t\t<\/p>\n\t<\/div>\n\n \t\n\t<div class=\"ngg-album-compact\">\n\t\t<div class=\"ngg-album-compactbox\">\n\t\t\t<div class=\"ngg-album-link\">\n                                    <a class=\"Link\" href=\"http:\/\/www.messdiener-stevede-goxel.de\/wordpress\/archiv\/2011-2008\/\">\n                        <img class=\"Thumb\"\n                             alt=\"2012- 2008\"\n                             src=\"http:\/\/www.messdiener-stevede-goxel.de\/wordpress\/wp-content\/gallery\/lager-2009\/cache\/Lager-09-1-nggid03536-ngg0dyn-300x300x100-00f0w010c011r110f110r010t010.jpg\"\/>\n                    <\/a>\n                \t\t\t<\/div>\n\t\t<\/div>\n                <h4>\n            <a class=\"ngg-album-desc\"\n               title=\"2012- 2008\"\n               href=\"http:\/\/www.messdiener-stevede-goxel.de\/wordpress\/archiv\/2011-2008\/\"\n               style=\"max-width: 320px\">\n                2012- 2008            <\/a>\n        <\/h4>\n\t\t<p class=\"ngg-album-gallery-image-counter\">\n\t\t\t\t\t\t\t&nbsp;\n\t\t\t\t\t<\/p>\n\t<\/div>\n\n \t\n\t<!-- Pagination -->\n    <br class=\"ngg-clear\"\/>\n \t<div class='ngg-clear'><\/div><\/div>\n\n<\/p>\n","protected":false},"excerpt":{"rendered":"<p>Danke f\u00fcr die Jahre mit euch! Damit ihr euch an die alten Zeiten zur\u00fcck erinnern k\u00f6nnt haben wir euch einige der Fotos zusammen gestellt. 2018 &nbsp; 2017 &nbsp; 2016 &nbsp; 2015 &nbsp; 2014 &nbsp; 2013 &nbsp; 2012- 2008 &nbsp;<\/p>\n","protected":false},"author":1,"featured_media":0,"parent":0,"menu_order":0,"comment_status":"open","ping_status":"open","template":"","meta":{"ngg_post_thumbnail":0},"_links":{"self":[{"href":"http:\/\/www.messdiener-stevede-goxel.de\/wordpress\/wp-json\/wp\/v2\/pages\/73"}],"collection":[{"href":"http:\/\/www.messdiener-stevede-goxel.de\/wordpress\/wp-json\/wp\/v2\/pages"}],"about":[{"href":"http:\/\/www.messdiener-stevede-goxel.de\/wordpress\/wp-json\/wp\/v2\/types\/page"}],"author":[{"embeddable":true,"href":"http:\/\/www.messdiener-stevede-goxel.de\/wordpress\/wp-json\/wp\/v2\/users\/1"}],"replies":[{"embeddable":true,"href":"http:\/\/www.messdiener-stevede-goxel.de\/wordpress\/wp-json\/wp\/v2\/comments?post=73"}],"version-history":[{"count":16,"href":"http:\/\/www.messdiener-stevede-goxel.de\/wordpress\/wp-json\/wp\/v2\/pages\/73\/revisions"}],"predecessor-version":[{"id":4266,"href":"http:\/\/www.messdiener-stevede-goxel.de\/wordpress\/wp-json\/wp\/v2\/pages\/73\/revisions\/4266"}],"wp:attachment":[{"href":"http:\/\/www.messdiener-stevede-goxel.de\/wordpress\/wp-json\/wp\/v2\/media?parent=73"}],"curies":[{"name":"wp","href":"https:\/\/api.w.org\/{rel}","templated":true}]}}